{"id":145593,"date":"2023-06-05T06:00:31","date_gmt":"2023-06-05T04:00:31","guid":{"rendered":"https:\/\/haut-segala.com\/produit\/huile-bonne-mine-naturelle\/"},"modified":"2026-03-26T16:51:16","modified_gmt":"2026-03-26T15:51:16","slug":"huile-bonne-mine-naturelle","status":"publish","type":"product","link":"https:\/\/haut-segala.com\/de\/produit\/huile-bonne-mine-naturelle\/","title":{"rendered":"Bio-Strahlungs\u00f6l f\u00fcr den Teint"},"content":{"rendered":"","protected":false},"excerpt":{"rendered":"<p>Dieses aus drei \u00d6len (Aprikose, Karotte, Buriti) zusammengesetzte Serum mit gutem Aussehen ist reich an Beta-Carotin. Es belebt die Ausstrahlung des Teints und gleicht die Br\u00e4une der Haut aus. Es verleiht der Haut sofort nach dem Auftragen eine gesunde Ausstrahlung.<\/p>\n","protected":false},"featured_media":139996,"comment_status":"open","ping_status":"closed","template":"","meta":{"_acf_changed":false},"product_brand":[],"product_cat":[447,446,444,569,586,610],"product_tag":[],"class_list":{"0":"post-145593","1":"product","2":"type-product","3":"status-publish","4":"has-post-thumbnail","6":"product_cat-erste-falten-und-etablierte-falten","7":"product_cat-teint-terne-visage-de","8":"product_cat-gesicht","9":"product_cat-mangel-an-standhaftigkeit","10":"product_cat-oelkomplexe","11":"product_cat-seren","13":"first","14":"instock","15":"taxable","16":"shipping-taxable","17":"purchasable","18":"product-type-simple"},"acf":[],"_links":{"self":[{"href":"https:\/\/haut-segala.com\/de\/wp-json\/wp\/v2\/product\/145593","targetHints":{"allow":["GET"]}}],"collection":[{"href":"https:\/\/haut-segala.com\/de\/wp-json\/wp\/v2\/product"}],"about":[{"href":"https:\/\/haut-segala.com\/de\/wp-json\/wp\/v2\/types\/product"}],"replies":[{"embeddable":true,"href":"https:\/\/haut-segala.com\/de\/wp-json\/wp\/v2\/comments?post=145593"}],"wp:featuredmedia":[{"embeddable":true,"href":"https:\/\/haut-segala.com\/de\/wp-json\/wp\/v2\/media\/139996"}],"wp:attachment":[{"href":"https:\/\/haut-segala.com\/de\/wp-json\/wp\/v2\/media?parent=145593"}],"wp:term":[{"taxonomy":"product_brand","embeddable":true,"href":"https:\/\/haut-segala.com\/de\/wp-json\/wp\/v2\/product_brand?post=145593"},{"taxonomy":"product_cat","embeddable":true,"href":"https:\/\/haut-segala.com\/de\/wp-json\/wp\/v2\/product_cat?post=145593"},{"taxonomy":"product_tag","embeddable":true,"href":"https:\/\/haut-segala.com\/de\/wp-json\/wp\/v2\/product_tag?post=145593"}],"curies":[{"name":"wp","href":"https:\/\/api.w.org\/{rel}","templated":true}]}}