{"id":152338,"date":"2024-04-26T00:01:53","date_gmt":"2024-04-25T22:01:53","guid":{"rendered":"https:\/\/haut-segala.com\/?post_type=product&#038;p=152338"},"modified":"2026-02-04T00:20:24","modified_gmt":"2026-02-03T23:20:24","slug":"hanfol-aus-kontrolliert-biologischem-anbau-ca","status":"publish","type":"product","link":"https:\/\/haut-segala.com\/de\/produit\/hanfol-aus-kontrolliert-biologischem-anbau-ca\/","title":{"rendered":"Bio-zertifiziertes Hanf\u00f6l"},"content":{"rendered":"","protected":false},"excerpt":{"rendered":"<p>Reich an Omega-6 und Omega-3, ist pflanzliches Hanf\u00f6l ein wertvoller Verb\u00fcndeter f\u00fcr sehr empfindliche, trockene Haut und bei Hautproblemen wie Couperose.<\/p>\n","protected":false},"featured_media":152347,"comment_status":"open","ping_status":"closed","template":"","meta":{"_acf_changed":false},"product_brand":[],"product_cat":[689,568,572,571,448,447,444,548,563,565,569,598,556,557,558,771,608,581,591,766,552],"product_tag":[],"class_list":{"0":"post-152338","1":"product","2":"type-product","3":"status-publish","4":"has-post-thumbnail","6":"product_cat-besser-sein","7":"product_cat-dehydrierung","8":"product_cat-duerre","9":"product_cat-empfindlichkeit-juckreiz","10":"product_cat-empfindlichkeiten-und-rotungen","11":"product_cat-erste-falten-und-etablierte-falten","12":"product_cat-gesicht","13":"product_cat-haare","14":"product_cat-haarpflege","15":"product_cat-koerper","16":"product_cat-mangel-an-standhaftigkeit","17":"product_cat-mangel-an-standhaftigkeit-de","18":"product_cat-mein-haar-zum-leuchten-bringen","19":"product_cat-mein-sehr-trockenes-haar-naehren","20":"product_cat-meine-fettige-kopfhaut-reinigen","21":"product_cat-nahrungsergaenzungsmittel","22":"product_cat-pflanzliche-oele-de-2","23":"product_cat-pflanzliche-oele","24":"product_cat-pflanzliche-oele-de","25":"product_cat-speiseoel","26":"product_cat-volumen-mitbringen","28":"first","29":"instock","30":"taxable","31":"shipping-taxable","32":"purchasable","33":"product-type-variable","34":"has-default-attributes"},"acf":[],"_links":{"self":[{"href":"https:\/\/haut-segala.com\/de\/wp-json\/wp\/v2\/product\/152338","targetHints":{"allow":["GET"]}}],"collection":[{"href":"https:\/\/haut-segala.com\/de\/wp-json\/wp\/v2\/product"}],"about":[{"href":"https:\/\/haut-segala.com\/de\/wp-json\/wp\/v2\/types\/product"}],"replies":[{"embeddable":true,"href":"https:\/\/haut-segala.com\/de\/wp-json\/wp\/v2\/comments?post=152338"}],"wp:featuredmedia":[{"embeddable":true,"href":"https:\/\/haut-segala.com\/de\/wp-json\/wp\/v2\/media\/152347"}],"wp:attachment":[{"href":"https:\/\/haut-segala.com\/de\/wp-json\/wp\/v2\/media?parent=152338"}],"wp:term":[{"taxonomy":"product_brand","embeddable":true,"href":"https:\/\/haut-segala.com\/de\/wp-json\/wp\/v2\/product_brand?post=152338"},{"taxonomy":"product_cat","embeddable":true,"href":"https:\/\/haut-segala.com\/de\/wp-json\/wp\/v2\/product_cat?post=152338"},{"taxonomy":"product_tag","embeddable":true,"href":"https:\/\/haut-segala.com\/de\/wp-json\/wp\/v2\/product_tag?post=152338"}],"curies":[{"name":"wp","href":"https:\/\/api.w.org\/{rel}","templated":true}]}}