{"id":155451,"date":"2024-04-26T00:01:00","date_gmt":"2024-04-25T22:01:00","guid":{"rendered":"https:\/\/haut-segala.com\/?post_type=product&#038;p=155451"},"modified":"2025-05-07T00:02:27","modified_gmt":"2025-05-06T22:02:27","slug":"bio-zertifiziertes-kokosol-ca","status":"publish","type":"product","link":"https:\/\/haut-segala.com\/de\/produit\/bio-zertifiziertes-kokosol-ca\/","title":{"rendered":"Bio-zertifiziertes Kokos\u00f6l"},"content":{"rendered":"","protected":false},"excerpt":{"rendered":"<p>Kokos\u00f6l wird wegen seines Inselduftes gesch\u00e4tzt, bet\u00f6rend und s\u00fc\u00df, sehr charakteristisch f\u00fcr Kokosnuss. F\u00fcr Gesicht und K\u00f6rper wird es wegen seiner feuchtigkeitsspendenden und weichmachenden Funktionen empfohlen.<\/p>\n","protected":false},"featured_media":155465,"comment_status":"open","ping_status":"closed","template":"","meta":{"_acf_changed":false},"product_brand":[],"product_cat":[689,550,568,596,572,571,448,444,548,563,565,569,598,556,557,555,771,608,591,581,766,603],"product_tag":[],"class_list":{"0":"post-155451","1":"product","2":"type-product","3":"status-publish","4":"has-post-thumbnail","6":"product_cat-besser-sein","7":"product_cat-das-wachstum-meiner-haare-beschleunigen","8":"product_cat-dehydrierung","9":"product_cat-dehydrierung-de","10":"product_cat-duerre","11":"product_cat-empfindlichkeit-juckreiz","12":"product_cat-empfindlichkeiten-und-rotungen","13":"product_cat-gesicht","14":"product_cat-haare","15":"product_cat-haarpflege","16":"product_cat-koerper","17":"product_cat-mangel-an-standhaftigkeit","18":"product_cat-mangel-an-standhaftigkeit-de","19":"product_cat-mein-haar-zum-leuchten-bringen","20":"product_cat-mein-sehr-trockenes-haar-naehren","21":"product_cat-mein-trockenes-haar-mit-feuchtigkeit-versorgen","22":"product_cat-nahrungsergaenzungsmittel","23":"product_cat-pflanzliche-oele-de-2","24":"product_cat-pflanzliche-oele-de","25":"product_cat-pflanzliche-oele","26":"product_cat-speiseoel","27":"product_cat-trockner","29":"first","30":"instock","31":"taxable","32":"shipping-taxable","33":"purchasable","34":"product-type-variable","35":"has-default-attributes"},"acf":[],"_links":{"self":[{"href":"https:\/\/haut-segala.com\/de\/wp-json\/wp\/v2\/product\/155451","targetHints":{"allow":["GET"]}}],"collection":[{"href":"https:\/\/haut-segala.com\/de\/wp-json\/wp\/v2\/product"}],"about":[{"href":"https:\/\/haut-segala.com\/de\/wp-json\/wp\/v2\/types\/product"}],"replies":[{"embeddable":true,"href":"https:\/\/haut-segala.com\/de\/wp-json\/wp\/v2\/comments?post=155451"}],"wp:featuredmedia":[{"embeddable":true,"href":"https:\/\/haut-segala.com\/de\/wp-json\/wp\/v2\/media\/155465"}],"wp:attachment":[{"href":"https:\/\/haut-segala.com\/de\/wp-json\/wp\/v2\/media?parent=155451"}],"wp:term":[{"taxonomy":"product_brand","embeddable":true,"href":"https:\/\/haut-segala.com\/de\/wp-json\/wp\/v2\/product_brand?post=155451"},{"taxonomy":"product_cat","embeddable":true,"href":"https:\/\/haut-segala.com\/de\/wp-json\/wp\/v2\/product_cat?post=155451"},{"taxonomy":"product_tag","embeddable":true,"href":"https:\/\/haut-segala.com\/de\/wp-json\/wp\/v2\/product_tag?post=155451"}],"curies":[{"name":"wp","href":"https:\/\/api.w.org\/{rel}","templated":true}]}}