{"id":155596,"date":"2024-04-26T00:01:13","date_gmt":"2024-04-25T22:01:13","guid":{"rendered":"https:\/\/haut-segala.com\/?post_type=product&#038;p=155596"},"modified":"2026-02-04T00:20:14","modified_gmt":"2026-02-03T23:20:14","slug":"zertifiziertes-bio-nigellaol-ca","status":"publish","type":"product","link":"https:\/\/haut-segala.com\/de\/produit\/zertifiziertes-bio-nigellaol-ca\/","title":{"rendered":"Zertifiziertes Bio-Nigella\u00f6l"},"content":{"rendered":"","protected":false},"excerpt":{"rendered":"<p>Schwarzk\u00fcmmel-Pflanzen\u00f6l wird dank seiner reinigenden und antioxidativen Eigenschaften besonders von Problemhaut und reifer Haut gesch\u00e4tzt.<\/p>\n","protected":false},"featured_media":155600,"comment_status":"open","ping_status":"closed","template":"","meta":{"_acf_changed":false},"product_brand":[],"product_cat":[689,550,568,572,571,448,447,602,444,595,601,548,563,597,565,569,598,560,551,558,554,771,591,608,581,553,766],"product_tag":[],"class_list":{"0":"post-155596","1":"product","2":"type-product","3":"status-publish","4":"has-post-thumbnail","6":"product_cat-besser-sein","7":"product_cat-das-wachstum-meiner-haare-beschleunigen","8":"product_cat-dehydrierung","9":"product_cat-duerre","10":"product_cat-empfindlichkeit-juckreiz","11":"product_cat-empfindlichkeiten-und-rotungen","12":"product_cat-erste-falten-und-etablierte-falten","13":"product_cat-gemischt","14":"product_cat-gesicht","15":"product_cat-glanz-und-vergroesserte-poren","16":"product_cat-grasse","17":"product_cat-haare","18":"product_cat-haarpflege","19":"product_cat-imperfektionen","20":"product_cat-koerper","21":"product_cat-mangel-an-standhaftigkeit","22":"product_cat-mangel-an-standhaftigkeit-de","23":"product_cat-mein-geschaedigtes-haar-reparieren","24":"product_cat-meine-empfindliche-kopfhaut-beruhigen","25":"product_cat-meine-fettige-kopfhaut-reinigen","26":"product_cat-meinen-haarausfall-bremsen","27":"product_cat-nahrungsergaenzungsmittel","28":"product_cat-pflanzliche-oele-de","29":"product_cat-pflanzliche-oele-de-2","30":"product_cat-pflanzliche-oele","31":"product_cat-schuppen-entfernen","32":"product_cat-speiseoel","34":"first","35":"instock","36":"taxable","37":"shipping-taxable","38":"purchasable","39":"product-type-simple"},"acf":[],"_links":{"self":[{"href":"https:\/\/haut-segala.com\/de\/wp-json\/wp\/v2\/product\/155596","targetHints":{"allow":["GET"]}}],"collection":[{"href":"https:\/\/haut-segala.com\/de\/wp-json\/wp\/v2\/product"}],"about":[{"href":"https:\/\/haut-segala.com\/de\/wp-json\/wp\/v2\/types\/product"}],"replies":[{"embeddable":true,"href":"https:\/\/haut-segala.com\/de\/wp-json\/wp\/v2\/comments?post=155596"}],"wp:featuredmedia":[{"embeddable":true,"href":"https:\/\/haut-segala.com\/de\/wp-json\/wp\/v2\/media\/155600"}],"wp:attachment":[{"href":"https:\/\/haut-segala.com\/de\/wp-json\/wp\/v2\/media?parent=155596"}],"wp:term":[{"taxonomy":"product_brand","embeddable":true,"href":"https:\/\/haut-segala.com\/de\/wp-json\/wp\/v2\/product_brand?post=155596"},{"taxonomy":"product_cat","embeddable":true,"href":"https:\/\/haut-segala.com\/de\/wp-json\/wp\/v2\/product_cat?post=155596"},{"taxonomy":"product_tag","embeddable":true,"href":"https:\/\/haut-segala.com\/de\/wp-json\/wp\/v2\/product_tag?post=155596"}],"curies":[{"name":"wp","href":"https:\/\/api.w.org\/{rel}","templated":true}]}}