{"id":161258,"date":"2024-09-09T00:01:18","date_gmt":"2024-09-08T22:01:18","guid":{"rendered":"https:\/\/haut-segala.com\/?post_type=product&#038;p=161258"},"modified":"2026-04-16T21:34:18","modified_gmt":"2026-04-16T19:34:18","slug":"hkaktusfeigenkernoel-aus-zertifiziertem-bio-anbau","status":"publish","type":"product","link":"https:\/\/haut-segala.com\/de\/produit\/hkaktusfeigenkernoel-aus-zertifiziertem-bio-anbau\/","title":{"rendered":"Kaktusfeigenkern\u00f6l aus zertifiziertem Bio-Anbau"},"content":{"rendered":"","protected":false},"excerpt":{"rendered":"<p>Machen Sie sich die neuesten Trends der minimalistischen Sch\u00f6nheitspflege zu eigen mit diesem au\u00dfergew\u00f6hnlichen \u00d6l, dessen einzigartige Zusammensetzung bemerkenswerte Vorteile bietet, um Falten zu mildern, Pigmentflecken zu reduzieren und den Teint zum Strahlen zu bringen.<\/p>\n","protected":false},"featured_media":161376,"comment_status":"open","ping_status":"closed","template":"","meta":{"_acf_changed":false},"product_brand":[],"product_cat":[574,596,568,572,447,570,446,444,565,598,569,557,591,608,581,599,573,603],"product_tag":[],"class_list":{"0":"post-161258","1":"product","2":"type-product","3":"status-publish","4":"has-post-thumbnail","6":"product_cat-dehnungsstreifen","7":"product_cat-dehydrierung-de","8":"product_cat-dehydrierung","9":"product_cat-duerre","10":"product_cat-erste-falten-und-etablierte-falten","11":"product_cat-fahle-haut","12":"product_cat-teint-terne-visage-de","13":"product_cat-gesicht","14":"product_cat-koerper","15":"product_cat-mangel-an-standhaftigkeit-de","16":"product_cat-mangel-an-standhaftigkeit","17":"product_cat-mein-sehr-trockenes-haar-naehren","18":"product_cat-pflanzliche-oele-de","19":"product_cat-pflanzliche-oele-de-2","20":"product_cat-pflanzliche-oele","21":"product_cat-pigmentflecken-aknenarben","22":"product_cat-pigmentflecken-schwangerschaftsmaske","23":"product_cat-trockner","25":"first","26":"instock","27":"taxable","28":"shipping-taxable","29":"purchasable","30":"product-type-simple"},"acf":[],"_links":{"self":[{"href":"https:\/\/haut-segala.com\/de\/wp-json\/wp\/v2\/product\/161258","targetHints":{"allow":["GET"]}}],"collection":[{"href":"https:\/\/haut-segala.com\/de\/wp-json\/wp\/v2\/product"}],"about":[{"href":"https:\/\/haut-segala.com\/de\/wp-json\/wp\/v2\/types\/product"}],"replies":[{"embeddable":true,"href":"https:\/\/haut-segala.com\/de\/wp-json\/wp\/v2\/comments?post=161258"}],"wp:featuredmedia":[{"embeddable":true,"href":"https:\/\/haut-segala.com\/de\/wp-json\/wp\/v2\/media\/161376"}],"wp:attachment":[{"href":"https:\/\/haut-segala.com\/de\/wp-json\/wp\/v2\/media?parent=161258"}],"wp:term":[{"taxonomy":"product_brand","embeddable":true,"href":"https:\/\/haut-segala.com\/de\/wp-json\/wp\/v2\/product_brand?post=161258"},{"taxonomy":"product_cat","embeddable":true,"href":"https:\/\/haut-segala.com\/de\/wp-json\/wp\/v2\/product_cat?post=161258"},{"taxonomy":"product_tag","embeddable":true,"href":"https:\/\/haut-segala.com\/de\/wp-json\/wp\/v2\/product_tag?post=161258"}],"curies":[{"name":"wp","href":"https:\/\/api.w.org\/{rel}","templated":true}]}}