{"id":176864,"date":"2025-05-22T00:01:36","date_gmt":"2025-05-21T22:01:36","guid":{"rendered":"https:\/\/haut-segala.com\/produit\/creme-mains-aloe-vera\/"},"modified":"2026-02-04T00:19:53","modified_gmt":"2026-02-03T23:19:53","slug":"creme-mains-aloe-vera","status":"publish","type":"product","link":"https:\/\/haut-segala.com\/de\/produit\/creme-mains-aloe-vera\/","title":{"rendered":"Aloe Vera Handcreme BIO-zertifiziert"},"content":{"rendered":"","protected":false},"excerpt":{"rendered":"<p>Diese Handcreme enth\u00e4lt Hyalurons\u00e4ure, die f\u00fcr ihre feuchtigkeitsspendenden Eigenschaften bekannt ist, und Aloe Vera, die f\u00fcr ihre reparierenden und beruhigenden Eigenschaften bekannt ist. Die Creme ist ideal f\u00fcr den t\u00e4glichen Gebrauch und zieht schnell ein, ohne einen Fettfilm zu hinterlassen. Sie hinterl\u00e4sst eine angenehme, gen\u00e4hrte und zart duftende Haut.<\/p>\n","protected":false},"featured_media":175981,"comment_status":"open","ping_status":"closed","template":"","meta":{"_acf_changed":false},"product_brand":[],"product_cat":[568,572,571,582,565,443],"product_tag":[],"class_list":{"0":"post-176864","1":"product","2":"type-product","3":"status-publish","4":"has-post-thumbnail","6":"product_cat-dehydrierung","7":"product_cat-duerre","8":"product_cat-empfindlichkeit-juckreiz","9":"product_cat-feuchtigkeitsspender","10":"product_cat-koerper","11":"product_cat-pflege-mit-aloe-vera","13":"first","14":"instock","15":"taxable","16":"shipping-taxable","17":"purchasable","18":"product-type-simple"},"acf":[],"_links":{"self":[{"href":"https:\/\/haut-segala.com\/de\/wp-json\/wp\/v2\/product\/176864","targetHints":{"allow":["GET"]}}],"collection":[{"href":"https:\/\/haut-segala.com\/de\/wp-json\/wp\/v2\/product"}],"about":[{"href":"https:\/\/haut-segala.com\/de\/wp-json\/wp\/v2\/types\/product"}],"replies":[{"embeddable":true,"href":"https:\/\/haut-segala.com\/de\/wp-json\/wp\/v2\/comments?post=176864"}],"wp:featuredmedia":[{"embeddable":true,"href":"https:\/\/haut-segala.com\/de\/wp-json\/wp\/v2\/media\/175981"}],"wp:attachment":[{"href":"https:\/\/haut-segala.com\/de\/wp-json\/wp\/v2\/media?parent=176864"}],"wp:term":[{"taxonomy":"product_brand","embeddable":true,"href":"https:\/\/haut-segala.com\/de\/wp-json\/wp\/v2\/product_brand?post=176864"},{"taxonomy":"product_cat","embeddable":true,"href":"https:\/\/haut-segala.com\/de\/wp-json\/wp\/v2\/product_cat?post=176864"},{"taxonomy":"product_tag","embeddable":true,"href":"https:\/\/haut-segala.com\/de\/wp-json\/wp\/v2\/product_tag?post=176864"}],"curies":[{"name":"wp","href":"https:\/\/api.w.org\/{rel}","templated":true}]}}