{"id":176891,"date":"2025-05-22T00:01:18","date_gmt":"2025-05-21T22:01:18","guid":{"rendered":"https:\/\/haut-segala.com\/produit\/masque-visage-aloe-vera\/"},"modified":"2026-04-06T17:51:46","modified_gmt":"2026-04-06T15:51:46","slug":"masque-visage-aloe-vera","status":"publish","type":"product","link":"https:\/\/haut-segala.com\/de\/produit\/masque-visage-aloe-vera\/","title":{"rendered":"BIO-zertifizierte Aloe Vera Gesichtsmaske"},"content":{"rendered":"","protected":false},"excerpt":{"rendered":"<p>Diese Gesichtsmaske enth\u00e4lt Hyalurons\u00e4ure, die f\u00fcr ihre feuchtigkeitsspendenden Eigenschaften bekannt ist, und Aloe Vera, die f\u00fcr ihre beruhigenden Eigenschaften bekannt ist.<\/p>\n","protected":false},"featured_media":175958,"comment_status":"open","ping_status":"closed","template":"","meta":{"_acf_changed":false},"product_brand":[],"product_cat":[446,444,595,597,956,443],"product_tag":[],"class_list":{"0":"post-176891","1":"product","2":"type-product","3":"status-publish","4":"has-post-thumbnail","6":"product_cat-teint-terne-visage-de","7":"product_cat-gesicht","8":"product_cat-glanz-und-vergroesserte-poren","9":"product_cat-imperfektionen","10":"product_cat-maske","11":"product_cat-pflege-mit-aloe-vera","13":"first","14":"instock","15":"taxable","16":"shipping-taxable","17":"purchasable","18":"product-type-simple"},"acf":[],"_links":{"self":[{"href":"https:\/\/haut-segala.com\/de\/wp-json\/wp\/v2\/product\/176891","targetHints":{"allow":["GET"]}}],"collection":[{"href":"https:\/\/haut-segala.com\/de\/wp-json\/wp\/v2\/product"}],"about":[{"href":"https:\/\/haut-segala.com\/de\/wp-json\/wp\/v2\/types\/product"}],"replies":[{"embeddable":true,"href":"https:\/\/haut-segala.com\/de\/wp-json\/wp\/v2\/comments?post=176891"}],"wp:featuredmedia":[{"embeddable":true,"href":"https:\/\/haut-segala.com\/de\/wp-json\/wp\/v2\/media\/175958"}],"wp:attachment":[{"href":"https:\/\/haut-segala.com\/de\/wp-json\/wp\/v2\/media?parent=176891"}],"wp:term":[{"taxonomy":"product_brand","embeddable":true,"href":"https:\/\/haut-segala.com\/de\/wp-json\/wp\/v2\/product_brand?post=176891"},{"taxonomy":"product_cat","embeddable":true,"href":"https:\/\/haut-segala.com\/de\/wp-json\/wp\/v2\/product_cat?post=176891"},{"taxonomy":"product_tag","embeddable":true,"href":"https:\/\/haut-segala.com\/de\/wp-json\/wp\/v2\/product_tag?post=176891"}],"curies":[{"name":"wp","href":"https:\/\/api.w.org\/{rel}","templated":true}]}}