{"id":183815,"date":"2025-07-09T09:30:53","date_gmt":"2025-07-09T07:30:53","guid":{"rendered":"https:\/\/haut-segala.com\/?post_type=product&#038;p=183815"},"modified":"2025-07-09T10:03:25","modified_gmt":"2025-07-09T08:03:25","slug":"zertifiziertes-bio-arganol","status":"publish","type":"product","link":"https:\/\/haut-segala.com\/de\/produit\/zertifiziertes-bio-arganol\/","title":{"rendered":"Zertifiziertes Bio-Argan\u00f6l"},"content":{"rendered":"","protected":false},"excerpt":{"rendered":"<p>Argan\u00f6l erweicht und n\u00e4hrt trockene Haut und kaschiert Hautunreinheiten. Von Natur aus sehr reich an Vitamin E, ist es ein hervorragender Hautschutz und ein wirksames Anti-Aging-Mittel.<\/p>\n","protected":false},"featured_media":183821,"comment_status":"open","ping_status":"closed","template":"","meta":{"_acf_changed":false},"product_brand":[],"product_cat":[568,596,572,447,444,548,565,569,598,556,555,581,608,591,603],"product_tag":[],"class_list":{"0":"post-183815","1":"product","2":"type-product","3":"status-publish","4":"has-post-thumbnail","6":"product_cat-dehydrierung","7":"product_cat-dehydrierung-de","8":"product_cat-duerre","9":"product_cat-erste-falten-und-etablierte-falten","10":"product_cat-gesicht","11":"product_cat-haare","12":"product_cat-koerper","13":"product_cat-mangel-an-standhaftigkeit","14":"product_cat-mangel-an-standhaftigkeit-de","15":"product_cat-mein-haar-zum-leuchten-bringen","16":"product_cat-mein-trockenes-haar-mit-feuchtigkeit-versorgen","17":"product_cat-pflanzliche-oele","18":"product_cat-pflanzliche-oele-de-2","19":"product_cat-pflanzliche-oele-de","20":"product_cat-trockner","22":"first","23":"instock","24":"taxable","25":"shipping-taxable","26":"purchasable","27":"product-type-simple"},"acf":[],"_links":{"self":[{"href":"https:\/\/haut-segala.com\/de\/wp-json\/wp\/v2\/product\/183815","targetHints":{"allow":["GET"]}}],"collection":[{"href":"https:\/\/haut-segala.com\/de\/wp-json\/wp\/v2\/product"}],"about":[{"href":"https:\/\/haut-segala.com\/de\/wp-json\/wp\/v2\/types\/product"}],"replies":[{"embeddable":true,"href":"https:\/\/haut-segala.com\/de\/wp-json\/wp\/v2\/comments?post=183815"}],"wp:featuredmedia":[{"embeddable":true,"href":"https:\/\/haut-segala.com\/de\/wp-json\/wp\/v2\/media\/183821"}],"wp:attachment":[{"href":"https:\/\/haut-segala.com\/de\/wp-json\/wp\/v2\/media?parent=183815"}],"wp:term":[{"taxonomy":"product_brand","embeddable":true,"href":"https:\/\/haut-segala.com\/de\/wp-json\/wp\/v2\/product_brand?post=183815"},{"taxonomy":"product_cat","embeddable":true,"href":"https:\/\/haut-segala.com\/de\/wp-json\/wp\/v2\/product_cat?post=183815"},{"taxonomy":"product_tag","embeddable":true,"href":"https:\/\/haut-segala.com\/de\/wp-json\/wp\/v2\/product_tag?post=183815"}],"curies":[{"name":"wp","href":"https:\/\/api.w.org\/{rel}","templated":true}]}}