{"id":183994,"date":"2025-07-10T12:03:32","date_gmt":"2025-07-10T10:03:32","guid":{"rendered":"https:\/\/haut-segala.com\/?post_type=product&#038;p=183994"},"modified":"2025-10-16T15:59:20","modified_gmt":"2025-10-16T13:59:20","slug":"bio-zertifiziertes-haselnussol-ca","status":"publish","type":"product","link":"https:\/\/haut-segala.com\/de\/produit\/bio-zertifiziertes-haselnussol-ca\/","title":{"rendered":"Bio-zertifiziertes Haselnuss\u00f6l"},"content":{"rendered":"","protected":false},"excerpt":{"rendered":"<p>Bio-Haselnuss-Pflanzen\u00f6l ist sehr effektiv f\u00fcr Mischhaut. Es reguliert die Talgproduktion der Haut und reduziert so das Auftreten kleiner Pickel.<\/p>\n","protected":false},"featured_media":184047,"comment_status":"open","ping_status":"closed","template":"","meta":{"_acf_changed":false},"product_brand":[],"product_cat":[689,574,596,568,572,447,602,444,595,601,548,563,597,565,569,555,558,771,591,608,581,766],"product_tag":[],"class_list":{"0":"post-183994","1":"product","2":"type-product","3":"status-publish","4":"has-post-thumbnail","6":"product_cat-besser-sein","7":"product_cat-dehnungsstreifen","8":"product_cat-dehydrierung-de","9":"product_cat-dehydrierung","10":"product_cat-duerre","11":"product_cat-erste-falten-und-etablierte-falten","12":"product_cat-gemischt","13":"product_cat-gesicht","14":"product_cat-glanz-und-vergroesserte-poren","15":"product_cat-grasse","16":"product_cat-haare","17":"product_cat-haarpflege","18":"product_cat-imperfektionen","19":"product_cat-koerper","20":"product_cat-mangel-an-standhaftigkeit","21":"product_cat-mein-trockenes-haar-mit-feuchtigkeit-versorgen","22":"product_cat-meine-fettige-kopfhaut-reinigen","23":"product_cat-nahrungsergaenzungsmittel","24":"product_cat-pflanzliche-oele-de","25":"product_cat-pflanzliche-oele-de-2","26":"product_cat-pflanzliche-oele","27":"product_cat-speiseoel","29":"first","30":"instock","31":"taxable","32":"shipping-taxable","33":"purchasable","34":"product-type-simple"},"acf":[],"_links":{"self":[{"href":"https:\/\/haut-segala.com\/de\/wp-json\/wp\/v2\/product\/183994","targetHints":{"allow":["GET"]}}],"collection":[{"href":"https:\/\/haut-segala.com\/de\/wp-json\/wp\/v2\/product"}],"about":[{"href":"https:\/\/haut-segala.com\/de\/wp-json\/wp\/v2\/types\/product"}],"replies":[{"embeddable":true,"href":"https:\/\/haut-segala.com\/de\/wp-json\/wp\/v2\/comments?post=183994"}],"wp:featuredmedia":[{"embeddable":true,"href":"https:\/\/haut-segala.com\/de\/wp-json\/wp\/v2\/media\/184047"}],"wp:attachment":[{"href":"https:\/\/haut-segala.com\/de\/wp-json\/wp\/v2\/media?parent=183994"}],"wp:term":[{"taxonomy":"product_brand","embeddable":true,"href":"https:\/\/haut-segala.com\/de\/wp-json\/wp\/v2\/product_brand?post=183994"},{"taxonomy":"product_cat","embeddable":true,"href":"https:\/\/haut-segala.com\/de\/wp-json\/wp\/v2\/product_cat?post=183994"},{"taxonomy":"product_tag","embeddable":true,"href":"https:\/\/haut-segala.com\/de\/wp-json\/wp\/v2\/product_tag?post=183994"}],"curies":[{"name":"wp","href":"https:\/\/api.w.org\/{rel}","templated":true}]}}