{"id":184930,"date":"2025-07-24T14:14:44","date_gmt":"2025-07-24T12:14:44","guid":{"rendered":"https:\/\/haut-segala.com\/?post_type=product&#038;p=184930"},"modified":"2026-04-14T09:11:18","modified_gmt":"2026-04-14T07:11:18","slug":"huile-de-fleurs-de-figuier-de-barbarie-certifiee-bio-2","status":"publish","type":"product","link":"https:\/\/haut-segala.com\/de\/produit\/huile-de-fleurs-de-figuier-de-barbarie-certifiee-bio-2\/","title":{"rendered":"Kaktusfeigenbl\u00fcten\u00f6l aus kontrolliert biologischem Anbau"},"content":{"rendered":"","protected":false},"excerpt":{"rendered":"<p>Kaktusfeigenbl\u00fctenmazerat hat hervorragende regenerierende und antioxidative Eigenschaften. Es ist ein sehr guter Verb\u00fcndeter f\u00fcr trockene, reife und devitalisierte Haut.<\/p>\n","protected":false},"featured_media":184956,"comment_status":"open","ping_status":"closed","template":"","meta":{"_acf_changed":false},"product_brand":[],"product_cat":[568,596,572,447,444,565,569,598,591,608,581,593,603],"product_tag":[],"class_list":{"0":"post-184930","1":"product","2":"type-product","3":"status-publish","4":"has-post-thumbnail","6":"product_cat-dehydrierung","7":"product_cat-dehydrierung-de","8":"product_cat-duerre","9":"product_cat-erste-falten-und-etablierte-falten","10":"product_cat-gesicht","11":"product_cat-koerper","12":"product_cat-mangel-an-standhaftigkeit","13":"product_cat-mangel-an-standhaftigkeit-de","14":"product_cat-pflanzliche-oele-de","15":"product_cat-pflanzliche-oele-de-2","16":"product_cat-pflanzliche-oele","17":"product_cat-reduzierte-preise","18":"product_cat-trockner","20":"first","21":"instock","22":"sale","23":"taxable","24":"shipping-taxable","25":"purchasable","26":"product-type-simple"},"acf":[],"_links":{"self":[{"href":"https:\/\/haut-segala.com\/de\/wp-json\/wp\/v2\/product\/184930","targetHints":{"allow":["GET"]}}],"collection":[{"href":"https:\/\/haut-segala.com\/de\/wp-json\/wp\/v2\/product"}],"about":[{"href":"https:\/\/haut-segala.com\/de\/wp-json\/wp\/v2\/types\/product"}],"replies":[{"embeddable":true,"href":"https:\/\/haut-segala.com\/de\/wp-json\/wp\/v2\/comments?post=184930"}],"wp:featuredmedia":[{"embeddable":true,"href":"https:\/\/haut-segala.com\/de\/wp-json\/wp\/v2\/media\/184956"}],"wp:attachment":[{"href":"https:\/\/haut-segala.com\/de\/wp-json\/wp\/v2\/media?parent=184930"}],"wp:term":[{"taxonomy":"product_brand","embeddable":true,"href":"https:\/\/haut-segala.com\/de\/wp-json\/wp\/v2\/product_brand?post=184930"},{"taxonomy":"product_cat","embeddable":true,"href":"https:\/\/haut-segala.com\/de\/wp-json\/wp\/v2\/product_cat?post=184930"},{"taxonomy":"product_tag","embeddable":true,"href":"https:\/\/haut-segala.com\/de\/wp-json\/wp\/v2\/product_tag?post=184930"}],"curies":[{"name":"wp","href":"https:\/\/api.w.org\/{rel}","templated":true}]}}