{"id":189511,"date":"2025-09-15T00:01:04","date_gmt":"2025-09-14T22:01:04","guid":{"rendered":"https:\/\/haut-segala.com\/?post_type=product&#038;p=189511"},"modified":"2026-04-06T17:51:18","modified_gmt":"2026-04-06T15:51:18","slug":"lippenbalsam-kokosnuss","status":"publish","type":"product","link":"https:\/\/haut-segala.com\/de\/produit\/lippenbalsam-kokosnuss\/","title":{"rendered":"Lippenbalsam Kokosnuss"},"content":{"rendered":"","protected":false},"excerpt":{"rendered":"<p>Dieser Kokosbalsam ist ein vielseitiges Pflegeprodukt, das sowohl die Lippen als auch sehr trockene K\u00f6rperstellen wie H\u00e4nde oder Ellbogen pflegt. Dank seiner 100 % biologischen Formel ist er ein nat\u00fcrlicher Begleiter f\u00fcr den Alltag.<\/p>\n","protected":false},"featured_media":189263,"comment_status":"open","ping_status":"closed","template":"","meta":{"_acf_changed":false},"product_brand":[],"product_cat":[444,970,974],"product_tag":[],"class_list":{"0":"post-189511","1":"product","2":"type-product","3":"status-publish","4":"has-post-thumbnail","6":"product_cat-gesicht","7":"product_cat-lippenbalsam","8":"product_cat-lippenbalsam-gesicht","10":"first","11":"instock","12":"taxable","13":"shipping-taxable","14":"purchasable","15":"product-type-simple"},"acf":[],"_links":{"self":[{"href":"https:\/\/haut-segala.com\/de\/wp-json\/wp\/v2\/product\/189511","targetHints":{"allow":["GET"]}}],"collection":[{"href":"https:\/\/haut-segala.com\/de\/wp-json\/wp\/v2\/product"}],"about":[{"href":"https:\/\/haut-segala.com\/de\/wp-json\/wp\/v2\/types\/product"}],"replies":[{"embeddable":true,"href":"https:\/\/haut-segala.com\/de\/wp-json\/wp\/v2\/comments?post=189511"}],"wp:featuredmedia":[{"embeddable":true,"href":"https:\/\/haut-segala.com\/de\/wp-json\/wp\/v2\/media\/189263"}],"wp:attachment":[{"href":"https:\/\/haut-segala.com\/de\/wp-json\/wp\/v2\/media?parent=189511"}],"wp:term":[{"taxonomy":"product_brand","embeddable":true,"href":"https:\/\/haut-segala.com\/de\/wp-json\/wp\/v2\/product_brand?post=189511"},{"taxonomy":"product_cat","embeddable":true,"href":"https:\/\/haut-segala.com\/de\/wp-json\/wp\/v2\/product_cat?post=189511"},{"taxonomy":"product_tag","embeddable":true,"href":"https:\/\/haut-segala.com\/de\/wp-json\/wp\/v2\/product_tag?post=189511"}],"curies":[{"name":"wp","href":"https:\/\/api.w.org\/{rel}","templated":true}]}}