{"id":193087,"date":"2025-10-16T15:22:16","date_gmt":"2025-10-16T13:22:16","guid":{"rendered":"https:\/\/haut-segala.com\/?post_type=product&#038;p=193087"},"modified":"2025-10-16T15:50:11","modified_gmt":"2025-10-16T13:50:11","slug":"pflaumenol-aus-kontrolliert-biologischem-anbau-ca","status":"publish","type":"product","link":"https:\/\/haut-segala.com\/de\/produit\/pflaumenol-aus-kontrolliert-biologischem-anbau-ca\/","title":{"rendered":"Pflaumen\u00f6l aus kontrolliert biologischem Anbau"},"content":{"rendered":"","protected":false},"excerpt":{"rendered":"<p>Bio-Pflaumen\u00f6l ist bekannt f\u00fcr seine sch\u00fctzenden und antioxidativen Eigenschaften. N\u00e4hrend und weichmachend verleiht es allen Hauttypen Geschmeidigkeit und Ausstrahlung.<\/p>\n","protected":false},"featured_media":193092,"comment_status":"open","ping_status":"closed","template":"","meta":{"_acf_changed":false},"product_brand":[],"product_cat":[689,568,596,572,447,570,446,444,548,563,565,569,598,556,557,771,581,608,591,766,603],"product_tag":[],"class_list":{"0":"post-193087","1":"product","2":"type-product","3":"status-publish","4":"has-post-thumbnail","6":"product_cat-besser-sein","7":"product_cat-dehydrierung","8":"product_cat-dehydrierung-de","9":"product_cat-duerre","10":"product_cat-erste-falten-und-etablierte-falten","11":"product_cat-fahle-haut","12":"product_cat-teint-terne-visage-de","13":"product_cat-gesicht","14":"product_cat-haare","15":"product_cat-haarpflege","16":"product_cat-koerper","17":"product_cat-mangel-an-standhaftigkeit","18":"product_cat-mangel-an-standhaftigkeit-de","19":"product_cat-mein-haar-zum-leuchten-bringen","20":"product_cat-mein-sehr-trockenes-haar-naehren","21":"product_cat-nahrungsergaenzungsmittel","22":"product_cat-pflanzliche-oele","23":"product_cat-pflanzliche-oele-de-2","24":"product_cat-pflanzliche-oele-de","25":"product_cat-speiseoel","26":"product_cat-trockner","28":"first","29":"instock","30":"taxable","31":"shipping-taxable","32":"purchasable","33":"product-type-simple"},"acf":[],"_links":{"self":[{"href":"https:\/\/haut-segala.com\/de\/wp-json\/wp\/v2\/product\/193087","targetHints":{"allow":["GET"]}}],"collection":[{"href":"https:\/\/haut-segala.com\/de\/wp-json\/wp\/v2\/product"}],"about":[{"href":"https:\/\/haut-segala.com\/de\/wp-json\/wp\/v2\/types\/product"}],"replies":[{"embeddable":true,"href":"https:\/\/haut-segala.com\/de\/wp-json\/wp\/v2\/comments?post=193087"}],"wp:featuredmedia":[{"embeddable":true,"href":"https:\/\/haut-segala.com\/de\/wp-json\/wp\/v2\/media\/193092"}],"wp:attachment":[{"href":"https:\/\/haut-segala.com\/de\/wp-json\/wp\/v2\/media?parent=193087"}],"wp:term":[{"taxonomy":"product_brand","embeddable":true,"href":"https:\/\/haut-segala.com\/de\/wp-json\/wp\/v2\/product_brand?post=193087"},{"taxonomy":"product_cat","embeddable":true,"href":"https:\/\/haut-segala.com\/de\/wp-json\/wp\/v2\/product_cat?post=193087"},{"taxonomy":"product_tag","embeddable":true,"href":"https:\/\/haut-segala.com\/de\/wp-json\/wp\/v2\/product_tag?post=193087"}],"curies":[{"name":"wp","href":"https:\/\/api.w.org\/{rel}","templated":true}]}}