{"id":159596,"date":"2022-06-27T15:56:05","date_gmt":"2022-06-27T13:56:05","guid":{"rendered":"https:\/\/haut-segala.com\/produit\/eau-florale-de-citron-certifiee-bio\/"},"modified":"2025-05-07T00:00:34","modified_gmt":"2025-05-06T22:00:34","slug":"eau-florale-de-citron-certifiee-bio","status":"publish","type":"product","link":"https:\/\/haut-segala.com\/es\/produit\/eau-florale-de-citron-certifiee-bio\/","title":{"rendered":"Agua floral de lim\u00f3n ecol\u00f3gica certificada"},"content":{"rendered":"","protected":false},"excerpt":{"rendered":"<p>El agua de lim\u00f3n es ideal para iluminar el cutis y reducir las imperfecciones.<\/p>\n","protected":false},"featured_media":135282,"comment_status":"open","ping_status":"closed","template":"","meta":{"_acf_changed":false},"product_brand":[],"product_cat":[627,680,639,648,624,625,681,682,651,666,645,652,660,626,683,669,647],"product_tag":[],"class_list":{"0":"post-159596","1":"product","2":"type-product","3":"status-publish","4":"has-post-thumbnail","6":"product_cat-aguas-florales","7":"product_cat-eaux-florales-corps-es","8":"product_cat-aguas-florales-faciales","9":"product_cat-brillos-y-poros-dilatados-en-el-rostro","10":"product_cat-cara","11":"product_cat-cuerpo","12":"product_cat-soins-capillaire-cheveux-es","13":"product_cat-manque-de-fermete-corps-es","14":"product_cat-falta-de-firmeza-en-la-cara","15":"product_cat-ilumina-mi-pelo","16":"product_cat-imperfecciones-de-la-cara","17":"product_cat-manchas-de-pigmentacion-cicatrices-de-acne-cara","18":"product_cat-manchas-de-pigmentacion-marcas-de-embarazo-cuerpo","19":"product_cat-pelo","20":"product_cat-peau-terne-corps-es","21":"product_cat-purificar-mi-cuero-cabelludo-graso","22":"product_cat-tez-apagada","24":"first","25":"instock","26":"taxable","27":"shipping-taxable","28":"purchasable","29":"product-type-simple"},"acf":[],"_links":{"self":[{"href":"https:\/\/haut-segala.com\/es\/wp-json\/wp\/v2\/product\/159596","targetHints":{"allow":["GET"]}}],"collection":[{"href":"https:\/\/haut-segala.com\/es\/wp-json\/wp\/v2\/product"}],"about":[{"href":"https:\/\/haut-segala.com\/es\/wp-json\/wp\/v2\/types\/product"}],"replies":[{"embeddable":true,"href":"https:\/\/haut-segala.com\/es\/wp-json\/wp\/v2\/comments?post=159596"}],"wp:featuredmedia":[{"embeddable":true,"href":"https:\/\/haut-segala.com\/es\/wp-json\/wp\/v2\/media\/135282"}],"wp:attachment":[{"href":"https:\/\/haut-segala.com\/es\/wp-json\/wp\/v2\/media?parent=159596"}],"wp:term":[{"taxonomy":"product_brand","embeddable":true,"href":"https:\/\/haut-segala.com\/es\/wp-json\/wp\/v2\/product_brand?post=159596"},{"taxonomy":"product_cat","embeddable":true,"href":"https:\/\/haut-segala.com\/es\/wp-json\/wp\/v2\/product_cat?post=159596"},{"taxonomy":"product_tag","embeddable":true,"href":"https:\/\/haut-segala.com\/es\/wp-json\/wp\/v2\/product_tag?post=159596"}],"curies":[{"name":"wp","href":"https:\/\/api.w.org\/{rel}","templated":true}]}}