{"id":159614,"date":"2022-06-27T15:55:18","date_gmt":"2022-06-27T13:55:18","guid":{"rendered":"https:\/\/haut-segala.com\/produit\/eau-florale-de-camomille-certifiee-bio\/"},"modified":"2025-05-07T00:00:41","modified_gmt":"2025-05-06T22:00:41","slug":"eau-florale-de-camomille-certifiee-bio","status":"publish","type":"product","link":"https:\/\/haut-segala.com\/es\/produit\/eau-florale-de-camomille-certifiee-bio\/","title":{"rendered":"Agua floral de manzanilla ecol\u00f3gica certificada"},"content":{"rendered":"","protected":false},"excerpt":{"rendered":"<p>Ideal para pieles propensas a la irritaci\u00f3n, el agua de manzanilla org\u00e1nica calma las pieles m\u00e1s sensibles y reaviva la luminosidad de la tez. Utilizado en cabellos rubios, aclara los largos y crea un efecto balayage natural.<\/p>\n","protected":false},"featured_media":193709,"comment_status":"open","ping_status":"closed","template":"","meta":{"_acf_changed":false},"product_brand":[],"product_cat":[627,680,639,624,625,681,682,651,666,626,650,679,647],"product_tag":[],"class_list":{"0":"post-159614","1":"product","2":"type-product","3":"status-publish","4":"has-post-thumbnail","6":"product_cat-aguas-florales","7":"product_cat-eaux-florales-corps-es","8":"product_cat-aguas-florales-faciales","9":"product_cat-cara","10":"product_cat-cuerpo","11":"product_cat-soins-capillaire-cheveux-es","12":"product_cat-manque-de-fermete-corps-es","13":"product_cat-falta-de-firmeza-en-la-cara","14":"product_cat-ilumina-mi-pelo","15":"product_cat-pelo","16":"product_cat-sensibilidad-facial-y-enrojecimiento","17":"product_cat-sensibilite-demangeaisons-corps-es","18":"product_cat-tez-apagada","20":"first","21":"instock","22":"taxable","23":"shipping-taxable","24":"purchasable","25":"product-type-simple"},"acf":[],"_links":{"self":[{"href":"https:\/\/haut-segala.com\/es\/wp-json\/wp\/v2\/product\/159614","targetHints":{"allow":["GET"]}}],"collection":[{"href":"https:\/\/haut-segala.com\/es\/wp-json\/wp\/v2\/product"}],"about":[{"href":"https:\/\/haut-segala.com\/es\/wp-json\/wp\/v2\/types\/product"}],"replies":[{"embeddable":true,"href":"https:\/\/haut-segala.com\/es\/wp-json\/wp\/v2\/comments?post=159614"}],"wp:featuredmedia":[{"embeddable":true,"href":"https:\/\/haut-segala.com\/es\/wp-json\/wp\/v2\/media\/193709"}],"wp:attachment":[{"href":"https:\/\/haut-segala.com\/es\/wp-json\/wp\/v2\/media?parent=159614"}],"wp:term":[{"taxonomy":"product_brand","embeddable":true,"href":"https:\/\/haut-segala.com\/es\/wp-json\/wp\/v2\/product_brand?post=159614"},{"taxonomy":"product_cat","embeddable":true,"href":"https:\/\/haut-segala.com\/es\/wp-json\/wp\/v2\/product_cat?post=159614"},{"taxonomy":"product_tag","embeddable":true,"href":"https:\/\/haut-segala.com\/es\/wp-json\/wp\/v2\/product_tag?post=159614"}],"curies":[{"name":"wp","href":"https:\/\/api.w.org\/{rel}","templated":true}]}}