{"id":159657,"date":"2022-06-27T15:54:51","date_gmt":"2022-06-27T13:54:51","guid":{"rendered":"https:\/\/haut-segala.com\/produit\/eau-florale-dhelichryse-italienne-certifiee-bio\/"},"modified":"2025-07-26T04:58:20","modified_gmt":"2025-07-26T02:58:20","slug":"eau-florale-dhelichryse-italienne-certifiee-bio","status":"publish","type":"product","link":"https:\/\/haut-segala.com\/es\/produit\/eau-florale-dhelichryse-italienne-certifiee-bio\/","title":{"rendered":"Agua floral de helicriso italiano ecol\u00f3gico certificado"},"content":{"rendered":"","protected":false},"excerpt":{"rendered":"<p>El agua de Helichrysum italiano reduce las rojeces y las ojeras, y aten\u00faa la aparici\u00f3n de manchas cut\u00e1neas y ros\u00e1cea. Sus propiedades calmantes la hacen ideal incluso para las pieles m\u00e1s delicadas.<\/p>\n","protected":false},"featured_media":171624,"comment_status":"open","ping_status":"closed","template":"","meta":{"_acf_changed":false},"product_brand":[],"product_cat":[627,680,639,624,625,682,651,652,660,649,650,679],"product_tag":[],"class_list":{"0":"post-159657","1":"product","2":"type-product","3":"status-publish","4":"has-post-thumbnail","6":"product_cat-aguas-florales","7":"product_cat-eaux-florales-corps-es","8":"product_cat-aguas-florales-faciales","9":"product_cat-cara","10":"product_cat-cuerpo","11":"product_cat-manque-de-fermete-corps-es","12":"product_cat-falta-de-firmeza-en-la-cara","13":"product_cat-manchas-de-pigmentacion-cicatrices-de-acne-cara","14":"product_cat-manchas-de-pigmentacion-marcas-de-embarazo-cuerpo","15":"product_cat-primeras-arrugas-y-arrugas-establecidas-cara","16":"product_cat-sensibilidad-facial-y-enrojecimiento","17":"product_cat-sensibilite-demangeaisons-corps-es","19":"first","20":"instock","21":"taxable","22":"shipping-taxable","23":"purchasable","24":"product-type-simple"},"acf":[],"_links":{"self":[{"href":"https:\/\/haut-segala.com\/es\/wp-json\/wp\/v2\/product\/159657","targetHints":{"allow":["GET"]}}],"collection":[{"href":"https:\/\/haut-segala.com\/es\/wp-json\/wp\/v2\/product"}],"about":[{"href":"https:\/\/haut-segala.com\/es\/wp-json\/wp\/v2\/types\/product"}],"replies":[{"embeddable":true,"href":"https:\/\/haut-segala.com\/es\/wp-json\/wp\/v2\/comments?post=159657"}],"wp:featuredmedia":[{"embeddable":true,"href":"https:\/\/haut-segala.com\/es\/wp-json\/wp\/v2\/media\/171624"}],"wp:attachment":[{"href":"https:\/\/haut-segala.com\/es\/wp-json\/wp\/v2\/media?parent=159657"}],"wp:term":[{"taxonomy":"product_brand","embeddable":true,"href":"https:\/\/haut-segala.com\/es\/wp-json\/wp\/v2\/product_brand?post=159657"},{"taxonomy":"product_cat","embeddable":true,"href":"https:\/\/haut-segala.com\/es\/wp-json\/wp\/v2\/product_cat?post=159657"},{"taxonomy":"product_tag","embeddable":true,"href":"https:\/\/haut-segala.com\/es\/wp-json\/wp\/v2\/product_tag?post=159657"}],"curies":[{"name":"wp","href":"https:\/\/api.w.org\/{rel}","templated":true}]}}