{"id":159658,"date":"2022-06-27T15:54:51","date_gmt":"2022-06-27T13:54:51","guid":{"rendered":"https:\/\/haut-segala.com\/produit\/eau-florale-de-tea-tree-certifiee-bio\/"},"modified":"2025-09-16T04:56:12","modified_gmt":"2025-09-16T02:56:12","slug":"eau-florale-de-tea-tree-certifiee-bio","status":"publish","type":"product","link":"https:\/\/haut-segala.com\/es\/produit\/eau-florale-de-tea-tree-certifiee-bio\/","title":{"rendered":"Agua floral de \u00e1rbol de t\u00e9 certificada ecol\u00f3gica"},"content":{"rendered":"","protected":false},"excerpt":{"rendered":"<p>Seborreguladora y purificante, el agua floral de \u00c1rbol de T\u00e9 es esencial para las pieles grasas y con tendencia acneica.<\/p>\n","protected":false},"featured_media":177592,"comment_status":"open","ping_status":"closed","template":"","meta":{"_acf_changed":false},"product_brand":[],"product_cat":[627,639,648,624,655,681,675,645,626,669,647],"product_tag":[],"class_list":{"0":"post-159658","1":"product","2":"type-product","3":"status-publish","4":"has-post-thumbnail","6":"product_cat-aguas-florales","7":"product_cat-aguas-florales-faciales","8":"product_cat-brillos-y-poros-dilatados-en-el-rostro","9":"product_cat-cara","10":"product_cat-cara-grasa","11":"product_cat-soins-capillaire-cheveux-es","12":"product_cat-eliminar-caspa","13":"product_cat-imperfecciones-de-la-cara","14":"product_cat-pelo","15":"product_cat-purificar-mi-cuero-cabelludo-graso","16":"product_cat-tez-apagada","18":"first","19":"instock","20":"taxable","21":"shipping-taxable","22":"purchasable","23":"product-type-simple"},"acf":[],"_links":{"self":[{"href":"https:\/\/haut-segala.com\/es\/wp-json\/wp\/v2\/product\/159658","targetHints":{"allow":["GET"]}}],"collection":[{"href":"https:\/\/haut-segala.com\/es\/wp-json\/wp\/v2\/product"}],"about":[{"href":"https:\/\/haut-segala.com\/es\/wp-json\/wp\/v2\/types\/product"}],"replies":[{"embeddable":true,"href":"https:\/\/haut-segala.com\/es\/wp-json\/wp\/v2\/comments?post=159658"}],"wp:featuredmedia":[{"embeddable":true,"href":"https:\/\/haut-segala.com\/es\/wp-json\/wp\/v2\/media\/177592"}],"wp:attachment":[{"href":"https:\/\/haut-segala.com\/es\/wp-json\/wp\/v2\/media?parent=159658"}],"wp:term":[{"taxonomy":"product_brand","embeddable":true,"href":"https:\/\/haut-segala.com\/es\/wp-json\/wp\/v2\/product_brand?post=159658"},{"taxonomy":"product_cat","embeddable":true,"href":"https:\/\/haut-segala.com\/es\/wp-json\/wp\/v2\/product_cat?post=159658"},{"taxonomy":"product_tag","embeddable":true,"href":"https:\/\/haut-segala.com\/es\/wp-json\/wp\/v2\/product_tag?post=159658"}],"curies":[{"name":"wp","href":"https:\/\/api.w.org\/{rel}","templated":true}]}}