{"id":159667,"date":"2022-06-27T15:56:05","date_gmt":"2022-06-27T13:56:05","guid":{"rendered":"https:\/\/haut-segala.com\/produit\/huile-de-brocoli-certifiee-bio\/"},"modified":"2025-10-27T03:52:23","modified_gmt":"2025-10-27T02:52:23","slug":"huile-de-brocoli-certifiee-bio","status":"publish","type":"product","link":"https:\/\/haut-segala.com\/es\/produit\/huile-de-brocoli-certifiee-bio\/","title":{"rendered":"Aceite de br\u00e9col ecol\u00f3gico certificado"},"content":{"rendered":"","protected":false},"excerpt":{"rendered":"<p>El aceite de br\u00f3coli tiene fama de ser el acondicionador perfecto. Fortificante y envolvente, este aceite desenreda y suaviza todo tipo de cabellos. Tambi\u00e9n es adecuado para pieles maduras gracias a sus propiedades regeneradoras y antioxidantes.<\/p>\n","protected":false},"featured_media":135984,"comment_status":"open","ping_status":"closed","template":"","meta":{"_acf_changed":false},"product_brand":[],"product_cat":[914,620,638,673,624,653,625,682,651,666,626,649,665,650,679,657,671],"product_tag":[],"class_list":{"0":"post-159667","1":"product","2":"type-product","3":"status-publish","4":"has-post-thumbnail","6":"product_cat-aceite-vegetal-cuerpo","7":"product_cat-aceites-vegetales","8":"product_cat-aceites-vegetales-faciales","9":"product_cat-alimenta-mi-pelo-seco","10":"product_cat-cara","11":"product_cat-cara-seca","12":"product_cat-cuerpo","13":"product_cat-manque-de-fermete-corps-es","14":"product_cat-falta-de-firmeza-en-la-cara","15":"product_cat-ilumina-mi-pelo","16":"product_cat-pelo","17":"product_cat-primeras-arrugas-y-arrugas-establecidas-cara","18":"product_cat-redefinir-mis-rizos-y-ondas","19":"product_cat-sensibilidad-facial-y-enrojecimiento","20":"product_cat-sensibilite-demangeaisons-corps-es","21":"product_cat-sequia-cuerpo","22":"product_cat-traer-volumen","24":"first","25":"instock","26":"taxable","27":"shipping-taxable","28":"purchasable","29":"product-type-simple"},"acf":[],"_links":{"self":[{"href":"https:\/\/haut-segala.com\/es\/wp-json\/wp\/v2\/product\/159667","targetHints":{"allow":["GET"]}}],"collection":[{"href":"https:\/\/haut-segala.com\/es\/wp-json\/wp\/v2\/product"}],"about":[{"href":"https:\/\/haut-segala.com\/es\/wp-json\/wp\/v2\/types\/product"}],"replies":[{"embeddable":true,"href":"https:\/\/haut-segala.com\/es\/wp-json\/wp\/v2\/comments?post=159667"}],"wp:featuredmedia":[{"embeddable":true,"href":"https:\/\/haut-segala.com\/es\/wp-json\/wp\/v2\/media\/135984"}],"wp:attachment":[{"href":"https:\/\/haut-segala.com\/es\/wp-json\/wp\/v2\/media?parent=159667"}],"wp:term":[{"taxonomy":"product_brand","embeddable":true,"href":"https:\/\/haut-segala.com\/es\/wp-json\/wp\/v2\/product_brand?post=159667"},{"taxonomy":"product_cat","embeddable":true,"href":"https:\/\/haut-segala.com\/es\/wp-json\/wp\/v2\/product_cat?post=159667"},{"taxonomy":"product_tag","embeddable":true,"href":"https:\/\/haut-segala.com\/es\/wp-json\/wp\/v2\/product_tag?post=159667"}],"curies":[{"name":"wp","href":"https:\/\/api.w.org\/{rel}","templated":true}]}}