{"id":159696,"date":"2022-06-27T15:55:18","date_gmt":"2022-06-27T13:55:18","guid":{"rendered":"https:\/\/haut-segala.com\/produit\/huile-dabricot-certifiee-bio\/"},"modified":"2026-02-04T00:19:45","modified_gmt":"2026-02-03T23:19:45","slug":"huile-dabricot-certifiee-bio","status":"publish","type":"product","link":"https:\/\/haut-segala.com\/es\/produit\/huile-dabricot-certifiee-bio\/","title":{"rendered":"Aceite de albaricoque ecol\u00f3gico certificado"},"content":{"rendered":"","protected":false},"excerpt":{"rendered":"<p>Este aceite vegetal de albaricoque ecol\u00f3gico es muy rico en \u00e1cido oleico (familia de los omega 9), lo que le confiere un poder de penetraci\u00f3n ideal.<\/p>\n","protected":false},"featured_media":187551,"comment_status":"open","ping_status":"closed","template":"","meta":{"_acf_changed":false},"product_brand":[],"product_cat":[914,620,638,624,625,681,646,656,666,626,683,649,657,647],"product_tag":[],"class_list":{"0":"post-159696","1":"product","2":"type-product","3":"status-publish","4":"has-post-thumbnail","6":"product_cat-aceite-vegetal-cuerpo","7":"product_cat-aceites-vegetales","8":"product_cat-aceites-vegetales-faciales","9":"product_cat-cara","10":"product_cat-cuerpo","11":"product_cat-soins-capillaire-cheveux-es","12":"product_cat-deshidratacion-facial","13":"product_cat-deshidratacion-cuerpo","14":"product_cat-ilumina-mi-pelo","15":"product_cat-pelo","16":"product_cat-peau-terne-corps-es","17":"product_cat-primeras-arrugas-y-arrugas-establecidas-cara","18":"product_cat-sequia-cuerpo","19":"product_cat-tez-apagada","21":"first","22":"instock","23":"taxable","24":"shipping-taxable","25":"purchasable","26":"product-type-simple"},"acf":[],"_links":{"self":[{"href":"https:\/\/haut-segala.com\/es\/wp-json\/wp\/v2\/product\/159696","targetHints":{"allow":["GET"]}}],"collection":[{"href":"https:\/\/haut-segala.com\/es\/wp-json\/wp\/v2\/product"}],"about":[{"href":"https:\/\/haut-segala.com\/es\/wp-json\/wp\/v2\/types\/product"}],"replies":[{"embeddable":true,"href":"https:\/\/haut-segala.com\/es\/wp-json\/wp\/v2\/comments?post=159696"}],"wp:featuredmedia":[{"embeddable":true,"href":"https:\/\/haut-segala.com\/es\/wp-json\/wp\/v2\/media\/187551"}],"wp:attachment":[{"href":"https:\/\/haut-segala.com\/es\/wp-json\/wp\/v2\/media?parent=159696"}],"wp:term":[{"taxonomy":"product_brand","embeddable":true,"href":"https:\/\/haut-segala.com\/es\/wp-json\/wp\/v2\/product_brand?post=159696"},{"taxonomy":"product_cat","embeddable":true,"href":"https:\/\/haut-segala.com\/es\/wp-json\/wp\/v2\/product_cat?post=159696"},{"taxonomy":"product_tag","embeddable":true,"href":"https:\/\/haut-segala.com\/es\/wp-json\/wp\/v2\/product_tag?post=159696"}],"curies":[{"name":"wp","href":"https:\/\/api.w.org\/{rel}","templated":true}]}}