{"id":159697,"date":"2022-06-27T15:55:18","date_gmt":"2022-06-27T13:55:18","guid":{"rendered":"https:\/\/haut-segala.com\/produit\/huile-de-jojoba-certifiee-bio\/"},"modified":"2026-04-08T07:25:52","modified_gmt":"2026-04-08T05:25:52","slug":"huile-de-jojoba-certifiee-bio","status":"publish","type":"product","link":"https:\/\/haut-segala.com\/es\/produit\/huile-de-jojoba-certifiee-bio\/","title":{"rendered":"Aceite de jojoba ecol\u00f3gico certificado"},"content":{"rendered":"","protected":false},"excerpt":{"rendered":"<p>El aceite de jojoba ecol\u00f3gico mejora el aspecto de las pieles mixtas y grasas gracias a su acci\u00f3n equilibrante. Se utiliza para hidratar y proteger la piel.<\/p>\n","protected":false},"featured_media":174129,"comment_status":"open","ping_status":"closed","template":"","meta":{"_acf_changed":false},"product_brand":[],"product_cat":[620,914,638,673,648,624,655,654,625,681,646,656,682,651,645,626,683,649,669,657,647],"product_tag":[],"class_list":{"0":"post-159697","1":"product","2":"type-product","3":"status-publish","4":"has-post-thumbnail","6":"product_cat-aceites-vegetales","7":"product_cat-aceite-vegetal-cuerpo","8":"product_cat-aceites-vegetales-faciales","9":"product_cat-alimenta-mi-pelo-seco","10":"product_cat-brillos-y-poros-dilatados-en-el-rostro","11":"product_cat-cara","12":"product_cat-cara-grasa","13":"product_cat-cara-mixta","14":"product_cat-cuerpo","15":"product_cat-soins-capillaire-cheveux-es","16":"product_cat-deshidratacion-facial","17":"product_cat-deshidratacion-cuerpo","18":"product_cat-manque-de-fermete-corps-es","19":"product_cat-falta-de-firmeza-en-la-cara","20":"product_cat-imperfecciones-de-la-cara","21":"product_cat-pelo","22":"product_cat-peau-terne-corps-es","23":"product_cat-primeras-arrugas-y-arrugas-establecidas-cara","24":"product_cat-purificar-mi-cuero-cabelludo-graso","25":"product_cat-sequia-cuerpo","26":"product_cat-tez-apagada","28":"first","29":"instock","30":"taxable","31":"shipping-taxable","32":"purchasable","33":"product-type-simple"},"acf":[],"_links":{"self":[{"href":"https:\/\/haut-segala.com\/es\/wp-json\/wp\/v2\/product\/159697","targetHints":{"allow":["GET"]}}],"collection":[{"href":"https:\/\/haut-segala.com\/es\/wp-json\/wp\/v2\/product"}],"about":[{"href":"https:\/\/haut-segala.com\/es\/wp-json\/wp\/v2\/types\/product"}],"replies":[{"embeddable":true,"href":"https:\/\/haut-segala.com\/es\/wp-json\/wp\/v2\/comments?post=159697"}],"wp:featuredmedia":[{"embeddable":true,"href":"https:\/\/haut-segala.com\/es\/wp-json\/wp\/v2\/media\/174129"}],"wp:attachment":[{"href":"https:\/\/haut-segala.com\/es\/wp-json\/wp\/v2\/media?parent=159697"}],"wp:term":[{"taxonomy":"product_brand","embeddable":true,"href":"https:\/\/haut-segala.com\/es\/wp-json\/wp\/v2\/product_brand?post=159697"},{"taxonomy":"product_cat","embeddable":true,"href":"https:\/\/haut-segala.com\/es\/wp-json\/wp\/v2\/product_cat?post=159697"},{"taxonomy":"product_tag","embeddable":true,"href":"https:\/\/haut-segala.com\/es\/wp-json\/wp\/v2\/product_tag?post=159697"}],"curies":[{"name":"wp","href":"https:\/\/api.w.org\/{rel}","templated":true}]}}