{"id":159829,"date":"2022-06-27T15:55:18","date_gmt":"2022-06-27T13:55:18","guid":{"rendered":"https:\/\/haut-segala.com\/produit\/huile-darnica-certifiee-bio\/"},"modified":"2025-05-07T00:01:04","modified_gmt":"2025-05-06T22:01:04","slug":"huile-darnica-certifiee-bio","status":"publish","type":"product","link":"https:\/\/haut-segala.com\/es\/produit\/huile-darnica-certifiee-bio\/","title":{"rendered":"Aceite de \u00e1rnica &#8211; certificado ecol\u00f3gico"},"content":{"rendered":"","protected":false},"excerpt":{"rendered":"<p>El aceite vegetal de \u00e1rnica ecol\u00f3gica tiene un efecto tonificante y se recomienda para masajes estimulantes que alivian los dolores musculares.<\/p>\n","protected":false},"featured_media":188102,"comment_status":"open","ping_status":"closed","template":"","meta":{"_acf_changed":false},"product_brand":[],"product_cat":[914,620,625,682,623],"product_tag":[],"class_list":{"0":"post-159829","1":"product","2":"type-product","3":"status-publish","4":"has-post-thumbnail","6":"product_cat-aceite-vegetal-cuerpo","7":"product_cat-aceites-vegetales","8":"product_cat-cuerpo","9":"product_cat-manque-de-fermete-corps-es","10":"product_cat-precios-rebajados","12":"first","13":"instock","14":"sale","15":"taxable","16":"shipping-taxable","17":"purchasable","18":"product-type-simple"},"acf":[],"_links":{"self":[{"href":"https:\/\/haut-segala.com\/es\/wp-json\/wp\/v2\/product\/159829","targetHints":{"allow":["GET"]}}],"collection":[{"href":"https:\/\/haut-segala.com\/es\/wp-json\/wp\/v2\/product"}],"about":[{"href":"https:\/\/haut-segala.com\/es\/wp-json\/wp\/v2\/types\/product"}],"replies":[{"embeddable":true,"href":"https:\/\/haut-segala.com\/es\/wp-json\/wp\/v2\/comments?post=159829"}],"wp:featuredmedia":[{"embeddable":true,"href":"https:\/\/haut-segala.com\/es\/wp-json\/wp\/v2\/media\/188102"}],"wp:attachment":[{"href":"https:\/\/haut-segala.com\/es\/wp-json\/wp\/v2\/media?parent=159829"}],"wp:term":[{"taxonomy":"product_brand","embeddable":true,"href":"https:\/\/haut-segala.com\/es\/wp-json\/wp\/v2\/product_brand?post=159829"},{"taxonomy":"product_cat","embeddable":true,"href":"https:\/\/haut-segala.com\/es\/wp-json\/wp\/v2\/product_cat?post=159829"},{"taxonomy":"product_tag","embeddable":true,"href":"https:\/\/haut-segala.com\/es\/wp-json\/wp\/v2\/product_tag?post=159829"}],"curies":[{"name":"wp","href":"https:\/\/api.w.org\/{rel}","templated":true}]}}