{"id":159831,"date":"2022-06-27T15:55:18","date_gmt":"2022-06-27T13:55:18","guid":{"rendered":"https:\/\/haut-segala.com\/produit\/huile-de-moutarde-certifiee-bio\/"},"modified":"2025-11-08T03:53:13","modified_gmt":"2025-11-08T02:53:13","slug":"huile-de-moutarde-certifiee-bio","status":"publish","type":"product","link":"https:\/\/haut-segala.com\/es\/produit\/huile-de-moutarde-certifiee-bio\/","title":{"rendered":"Aceite de mostaza ecol\u00f3gico certificado"},"content":{"rendered":"","protected":false},"excerpt":{"rendered":"<p>El aceite de mostaza ecol\u00f3gico tiene fama de favorecer el crecimiento del cabello y combatir su ca\u00edda.<\/p>\n","protected":false},"featured_media":203419,"comment_status":"open","ping_status":"closed","template":"","meta":{"_acf_changed":false},"product_brand":[],"product_cat":[620,914,674,625,681,675,676,626],"product_tag":[],"class_list":{"0":"post-159831","1":"product","2":"type-product","3":"status-publish","4":"has-post-thumbnail","6":"product_cat-aceites-vegetales","7":"product_cat-aceite-vegetal-cuerpo","8":"product_cat-acelera-mi-crecimiento-de-pelo","9":"product_cat-cuerpo","10":"product_cat-soins-capillaire-cheveux-es","11":"product_cat-eliminar-caspa","12":"product_cat-frena-mi-perdida-de-pelo","13":"product_cat-pelo","15":"first","16":"instock","17":"taxable","18":"shipping-taxable","19":"purchasable","20":"product-type-simple"},"acf":[],"_links":{"self":[{"href":"https:\/\/haut-segala.com\/es\/wp-json\/wp\/v2\/product\/159831","targetHints":{"allow":["GET"]}}],"collection":[{"href":"https:\/\/haut-segala.com\/es\/wp-json\/wp\/v2\/product"}],"about":[{"href":"https:\/\/haut-segala.com\/es\/wp-json\/wp\/v2\/types\/product"}],"replies":[{"embeddable":true,"href":"https:\/\/haut-segala.com\/es\/wp-json\/wp\/v2\/comments?post=159831"}],"wp:featuredmedia":[{"embeddable":true,"href":"https:\/\/haut-segala.com\/es\/wp-json\/wp\/v2\/media\/203419"}],"wp:attachment":[{"href":"https:\/\/haut-segala.com\/es\/wp-json\/wp\/v2\/media?parent=159831"}],"wp:term":[{"taxonomy":"product_brand","embeddable":true,"href":"https:\/\/haut-segala.com\/es\/wp-json\/wp\/v2\/product_brand?post=159831"},{"taxonomy":"product_cat","embeddable":true,"href":"https:\/\/haut-segala.com\/es\/wp-json\/wp\/v2\/product_cat?post=159831"},{"taxonomy":"product_tag","embeddable":true,"href":"https:\/\/haut-segala.com\/es\/wp-json\/wp\/v2\/product_tag?post=159831"}],"curies":[{"name":"wp","href":"https:\/\/api.w.org\/{rel}","templated":true}]}}