{"id":159837,"date":"2022-06-27T15:55:10","date_gmt":"2022-06-27T13:55:10","guid":{"rendered":"https:\/\/haut-segala.com\/produit\/huile-damande-douce-certifiee-bio\/"},"modified":"2026-02-04T00:20:22","modified_gmt":"2026-02-03T23:20:22","slug":"huile-damande-douce-certifiee-bio","status":"publish","type":"product","link":"https:\/\/haut-segala.com\/es\/produit\/huile-damande-douce-certifiee-bio\/","title":{"rendered":"Aceite de almendras dulces ecol\u00f3gico certificado"},"content":{"rendered":"","protected":false},"excerpt":{"rendered":"<p>El aceite de almendras dulces es perfecto para la piel que necesita suavidad y calma, por eso es tan f\u00e1cil de usar en la piel fr\u00e1gil de los beb\u00e9s o para tratar la piel agrietada.<\/p>\n","protected":false},"featured_media":176695,"comment_status":"open","ping_status":"closed","template":"","meta":{"_acf_changed":false},"product_brand":[],"product_cat":[914,620,638,673,624,625,681,646,656,658,672,626,650,679],"product_tag":[],"class_list":{"0":"post-159837","1":"product","2":"type-product","3":"status-publish","4":"has-post-thumbnail","6":"product_cat-aceite-vegetal-cuerpo","7":"product_cat-aceites-vegetales","8":"product_cat-aceites-vegetales-faciales","9":"product_cat-alimenta-mi-pelo-seco","10":"product_cat-cara","11":"product_cat-cuerpo","12":"product_cat-soins-capillaire-cheveux-es","13":"product_cat-deshidratacion-facial","14":"product_cat-deshidratacion-cuerpo","15":"product_cat-estrias-cuerpo","16":"product_cat-hidratar-mi-pelo-seco","17":"product_cat-pelo","18":"product_cat-sensibilidad-facial-y-enrojecimiento","19":"product_cat-sensibilite-demangeaisons-corps-es","21":"first","22":"instock","23":"taxable","24":"shipping-taxable","25":"purchasable","26":"product-type-variable","27":"has-default-attributes"},"acf":[],"_links":{"self":[{"href":"https:\/\/haut-segala.com\/es\/wp-json\/wp\/v2\/product\/159837","targetHints":{"allow":["GET"]}}],"collection":[{"href":"https:\/\/haut-segala.com\/es\/wp-json\/wp\/v2\/product"}],"about":[{"href":"https:\/\/haut-segala.com\/es\/wp-json\/wp\/v2\/types\/product"}],"replies":[{"embeddable":true,"href":"https:\/\/haut-segala.com\/es\/wp-json\/wp\/v2\/comments?post=159837"}],"wp:featuredmedia":[{"embeddable":true,"href":"https:\/\/haut-segala.com\/es\/wp-json\/wp\/v2\/media\/176695"}],"wp:attachment":[{"href":"https:\/\/haut-segala.com\/es\/wp-json\/wp\/v2\/media?parent=159837"}],"wp:term":[{"taxonomy":"product_brand","embeddable":true,"href":"https:\/\/haut-segala.com\/es\/wp-json\/wp\/v2\/product_brand?post=159837"},{"taxonomy":"product_cat","embeddable":true,"href":"https:\/\/haut-segala.com\/es\/wp-json\/wp\/v2\/product_cat?post=159837"},{"taxonomy":"product_tag","embeddable":true,"href":"https:\/\/haut-segala.com\/es\/wp-json\/wp\/v2\/product_tag?post=159837"}],"curies":[{"name":"wp","href":"https:\/\/api.w.org\/{rel}","templated":true}]}}