{"id":159853,"date":"2022-06-27T15:55:10","date_gmt":"2022-06-27T13:55:10","guid":{"rendered":"https:\/\/haut-segala.com\/produit\/huile-de-calendula-certifiee-bio\/"},"modified":"2025-05-21T04:53:47","modified_gmt":"2025-05-21T02:53:47","slug":"huile-de-calendula-certifiee-bio","status":"publish","type":"product","link":"https:\/\/haut-segala.com\/es\/produit\/huile-de-calendula-certifiee-bio\/","title":{"rendered":"Aceite de cal\u00e9ndula ecol\u00f3gico"},"content":{"rendered":"","protected":false},"excerpt":{"rendered":"<p>El aceite de cal\u00e9ndula se recomienda para pieles sensibles, ya que ayuda a regenerar la piel da\u00f1ada.<\/p>\n","protected":false},"featured_media":174445,"comment_status":"open","ping_status":"closed","template":"","meta":{"_acf_changed":false},"product_brand":[],"product_cat":[914,620,638,624,625,682,651,649,650,679],"product_tag":[],"class_list":{"0":"post-159853","1":"product","2":"type-product","3":"status-publish","4":"has-post-thumbnail","6":"product_cat-aceite-vegetal-cuerpo","7":"product_cat-aceites-vegetales","8":"product_cat-aceites-vegetales-faciales","9":"product_cat-cara","10":"product_cat-cuerpo","11":"product_cat-manque-de-fermete-corps-es","12":"product_cat-falta-de-firmeza-en-la-cara","13":"product_cat-primeras-arrugas-y-arrugas-establecidas-cara","14":"product_cat-sensibilidad-facial-y-enrojecimiento","15":"product_cat-sensibilite-demangeaisons-corps-es","17":"first","18":"instock","19":"taxable","20":"shipping-taxable","21":"purchasable","22":"product-type-simple"},"acf":[],"_links":{"self":[{"href":"https:\/\/haut-segala.com\/es\/wp-json\/wp\/v2\/product\/159853","targetHints":{"allow":["GET"]}}],"collection":[{"href":"https:\/\/haut-segala.com\/es\/wp-json\/wp\/v2\/product"}],"about":[{"href":"https:\/\/haut-segala.com\/es\/wp-json\/wp\/v2\/types\/product"}],"replies":[{"embeddable":true,"href":"https:\/\/haut-segala.com\/es\/wp-json\/wp\/v2\/comments?post=159853"}],"wp:featuredmedia":[{"embeddable":true,"href":"https:\/\/haut-segala.com\/es\/wp-json\/wp\/v2\/media\/174445"}],"wp:attachment":[{"href":"https:\/\/haut-segala.com\/es\/wp-json\/wp\/v2\/media?parent=159853"}],"wp:term":[{"taxonomy":"product_brand","embeddable":true,"href":"https:\/\/haut-segala.com\/es\/wp-json\/wp\/v2\/product_brand?post=159853"},{"taxonomy":"product_cat","embeddable":true,"href":"https:\/\/haut-segala.com\/es\/wp-json\/wp\/v2\/product_cat?post=159853"},{"taxonomy":"product_tag","embeddable":true,"href":"https:\/\/haut-segala.com\/es\/wp-json\/wp\/v2\/product_tag?post=159853"}],"curies":[{"name":"wp","href":"https:\/\/api.w.org\/{rel}","templated":true}]}}