{"id":159863,"date":"2022-06-27T15:55:10","date_gmt":"2022-06-27T13:55:10","guid":{"rendered":"https:\/\/haut-segala.com\/produit\/huile-de-baobab-certifiee-bio\/"},"modified":"2025-05-07T00:01:21","modified_gmt":"2025-05-06T22:01:21","slug":"huile-de-baobab-certifiee-bio","status":"publish","type":"product","link":"https:\/\/haut-segala.com\/es\/produit\/huile-de-baobab-certifiee-bio\/","title":{"rendered":"Aceite de baobab ecol\u00f3gico certificado"},"content":{"rendered":"","protected":false},"excerpt":{"rendered":"<p>El aceite de baobab, rico en omega 6 y \u00e1cido oleico, es muy utilizado para combatir la tirantez de la piel seca, as\u00ed como para el cabello da\u00f1ado.<\/p>\n","protected":false},"featured_media":205676,"comment_status":"open","ping_status":"closed","template":"","meta":{"_acf_changed":false},"product_brand":[],"product_cat":[914,620,638,673,677,624,653,625,646,656,658,666,626,649,650,679,657],"product_tag":[],"class_list":{"0":"post-159863","1":"product","2":"type-product","3":"status-publish","4":"has-post-thumbnail","6":"product_cat-aceite-vegetal-cuerpo","7":"product_cat-aceites-vegetales","8":"product_cat-aceites-vegetales-faciales","9":"product_cat-alimenta-mi-pelo-seco","10":"product_cat-calma-mi-pelo-sensible","11":"product_cat-cara","12":"product_cat-cara-seca","13":"product_cat-cuerpo","14":"product_cat-deshidratacion-facial","15":"product_cat-deshidratacion-cuerpo","16":"product_cat-estrias-cuerpo","17":"product_cat-ilumina-mi-pelo","18":"product_cat-pelo","19":"product_cat-primeras-arrugas-y-arrugas-establecidas-cara","20":"product_cat-sensibilidad-facial-y-enrojecimiento","21":"product_cat-sensibilite-demangeaisons-corps-es","22":"product_cat-sequia-cuerpo","24":"first","25":"instock","26":"taxable","27":"shipping-taxable","28":"purchasable","29":"product-type-simple"},"acf":[],"_links":{"self":[{"href":"https:\/\/haut-segala.com\/es\/wp-json\/wp\/v2\/product\/159863","targetHints":{"allow":["GET"]}}],"collection":[{"href":"https:\/\/haut-segala.com\/es\/wp-json\/wp\/v2\/product"}],"about":[{"href":"https:\/\/haut-segala.com\/es\/wp-json\/wp\/v2\/types\/product"}],"replies":[{"embeddable":true,"href":"https:\/\/haut-segala.com\/es\/wp-json\/wp\/v2\/comments?post=159863"}],"wp:featuredmedia":[{"embeddable":true,"href":"https:\/\/haut-segala.com\/es\/wp-json\/wp\/v2\/media\/205676"}],"wp:attachment":[{"href":"https:\/\/haut-segala.com\/es\/wp-json\/wp\/v2\/media?parent=159863"}],"wp:term":[{"taxonomy":"product_brand","embeddable":true,"href":"https:\/\/haut-segala.com\/es\/wp-json\/wp\/v2\/product_brand?post=159863"},{"taxonomy":"product_cat","embeddable":true,"href":"https:\/\/haut-segala.com\/es\/wp-json\/wp\/v2\/product_cat?post=159863"},{"taxonomy":"product_tag","embeddable":true,"href":"https:\/\/haut-segala.com\/es\/wp-json\/wp\/v2\/product_tag?post=159863"}],"curies":[{"name":"wp","href":"https:\/\/api.w.org\/{rel}","templated":true}]}}