{"id":159864,"date":"2022-06-27T15:55:10","date_gmt":"2022-06-27T13:55:10","guid":{"rendered":"https:\/\/haut-segala.com\/produit\/huile-de-sesame-certifiee-bio\/"},"modified":"2025-07-06T04:52:27","modified_gmt":"2025-07-06T02:52:27","slug":"huile-de-sesame-certifiee-bio","status":"publish","type":"product","link":"https:\/\/haut-segala.com\/es\/produit\/huile-de-sesame-certifiee-bio\/","title":{"rendered":"Aceite de s\u00e9samo ecol\u00f3gico certificado"},"content":{"rendered":"","protected":false},"excerpt":{"rendered":"<p>El aceite vegetal de s\u00e9samo ecol\u00f3gico es reconocido por sus innegables propiedades regeneradoras, reestructurantes, nutritivas y antioxidantes.<\/p>\n","protected":false},"featured_media":198656,"comment_status":"open","ping_status":"closed","template":"","meta":{"_acf_changed":false},"product_brand":[],"product_cat":[914,620,638,673,677,624,625,646,675,652,660,626,649,679],"product_tag":[],"class_list":{"0":"post-159864","1":"product","2":"type-product","3":"status-publish","4":"has-post-thumbnail","6":"product_cat-aceite-vegetal-cuerpo","7":"product_cat-aceites-vegetales","8":"product_cat-aceites-vegetales-faciales","9":"product_cat-alimenta-mi-pelo-seco","10":"product_cat-calma-mi-pelo-sensible","11":"product_cat-cara","12":"product_cat-cuerpo","13":"product_cat-deshidratacion-facial","14":"product_cat-eliminar-caspa","15":"product_cat-manchas-de-pigmentacion-cicatrices-de-acne-cara","16":"product_cat-manchas-de-pigmentacion-marcas-de-embarazo-cuerpo","17":"product_cat-pelo","18":"product_cat-primeras-arrugas-y-arrugas-establecidas-cara","19":"product_cat-sensibilite-demangeaisons-corps-es","21":"first","22":"instock","23":"taxable","24":"shipping-taxable","25":"purchasable","26":"product-type-simple"},"acf":[],"_links":{"self":[{"href":"https:\/\/haut-segala.com\/es\/wp-json\/wp\/v2\/product\/159864","targetHints":{"allow":["GET"]}}],"collection":[{"href":"https:\/\/haut-segala.com\/es\/wp-json\/wp\/v2\/product"}],"about":[{"href":"https:\/\/haut-segala.com\/es\/wp-json\/wp\/v2\/types\/product"}],"replies":[{"embeddable":true,"href":"https:\/\/haut-segala.com\/es\/wp-json\/wp\/v2\/comments?post=159864"}],"wp:featuredmedia":[{"embeddable":true,"href":"https:\/\/haut-segala.com\/es\/wp-json\/wp\/v2\/media\/198656"}],"wp:attachment":[{"href":"https:\/\/haut-segala.com\/es\/wp-json\/wp\/v2\/media?parent=159864"}],"wp:term":[{"taxonomy":"product_brand","embeddable":true,"href":"https:\/\/haut-segala.com\/es\/wp-json\/wp\/v2\/product_brand?post=159864"},{"taxonomy":"product_cat","embeddable":true,"href":"https:\/\/haut-segala.com\/es\/wp-json\/wp\/v2\/product_cat?post=159864"},{"taxonomy":"product_tag","embeddable":true,"href":"https:\/\/haut-segala.com\/es\/wp-json\/wp\/v2\/product_tag?post=159864"}],"curies":[{"name":"wp","href":"https:\/\/api.w.org\/{rel}","templated":true}]}}