{"id":159901,"date":"2022-06-27T15:55:18","date_gmt":"2022-06-27T13:55:18","guid":{"rendered":"https:\/\/haut-segala.com\/produit\/huile-de-carotte-certifiee-bio\/"},"modified":"2025-07-23T00:00:38","modified_gmt":"2025-07-22T22:00:38","slug":"huile-de-carotte-certifiee-bio","status":"publish","type":"product","link":"https:\/\/haut-segala.com\/es\/produit\/huile-de-carotte-certifiee-bio\/","title":{"rendered":"Aceite de zanahoria ecol\u00f3gico certificado"},"content":{"rendered":"","protected":false},"excerpt":{"rendered":"<p>El macerado de zanahoria contiene provitamina A, que favorece la producci\u00f3n de melanina. Por ello, se recomienda antes de la exposici\u00f3n al sol para facilitar el bronceado y como tratamiento para despu\u00e9s del sol para mejorar la regeneraci\u00f3n de la piel.<\/p>\n","protected":false},"featured_media":174454,"comment_status":"open","ping_status":"closed","template":"","meta":{"_acf_changed":false},"product_brand":[],"product_cat":[620,914,638,624,625,656,645,683,649,657,647],"product_tag":[],"class_list":{"0":"post-159901","1":"product","2":"type-product","3":"status-publish","4":"has-post-thumbnail","6":"product_cat-aceites-vegetales","7":"product_cat-aceite-vegetal-cuerpo","8":"product_cat-aceites-vegetales-faciales","9":"product_cat-cara","10":"product_cat-cuerpo","11":"product_cat-deshidratacion-cuerpo","12":"product_cat-imperfecciones-de-la-cara","13":"product_cat-peau-terne-corps-es","14":"product_cat-primeras-arrugas-y-arrugas-establecidas-cara","15":"product_cat-sequia-cuerpo","16":"product_cat-tez-apagada","18":"first","19":"instock","20":"taxable","21":"shipping-taxable","22":"purchasable","23":"product-type-simple"},"acf":[],"_links":{"self":[{"href":"https:\/\/haut-segala.com\/es\/wp-json\/wp\/v2\/product\/159901","targetHints":{"allow":["GET"]}}],"collection":[{"href":"https:\/\/haut-segala.com\/es\/wp-json\/wp\/v2\/product"}],"about":[{"href":"https:\/\/haut-segala.com\/es\/wp-json\/wp\/v2\/types\/product"}],"replies":[{"embeddable":true,"href":"https:\/\/haut-segala.com\/es\/wp-json\/wp\/v2\/comments?post=159901"}],"wp:featuredmedia":[{"embeddable":true,"href":"https:\/\/haut-segala.com\/es\/wp-json\/wp\/v2\/media\/174454"}],"wp:attachment":[{"href":"https:\/\/haut-segala.com\/es\/wp-json\/wp\/v2\/media?parent=159901"}],"wp:term":[{"taxonomy":"product_brand","embeddable":true,"href":"https:\/\/haut-segala.com\/es\/wp-json\/wp\/v2\/product_brand?post=159901"},{"taxonomy":"product_cat","embeddable":true,"href":"https:\/\/haut-segala.com\/es\/wp-json\/wp\/v2\/product_cat?post=159901"},{"taxonomy":"product_tag","embeddable":true,"href":"https:\/\/haut-segala.com\/es\/wp-json\/wp\/v2\/product_tag?post=159901"}],"curies":[{"name":"wp","href":"https:\/\/api.w.org\/{rel}","templated":true}]}}