{"id":159986,"date":"2022-06-27T15:55:00","date_gmt":"2022-06-27T13:55:00","guid":{"rendered":"https:\/\/haut-segala.com\/produit\/huile-de-ricin-certifiee-bio\/"},"modified":"2026-04-14T19:41:19","modified_gmt":"2026-04-14T17:41:19","slug":"huile-de-ricin-certifiee-bio","status":"publish","type":"product","link":"https:\/\/haut-segala.com\/es\/produit\/huile-de-ricin-certifiee-bio\/","title":{"rendered":"Aceite de ricino ecol\u00f3gico"},"content":{"rendered":"","protected":false},"excerpt":{"rendered":"<p>El aceite de ricino ecol\u00f3gico se utiliza tradicionalmente para mejorar el crecimiento y la flexibilidad del cabello, las pesta\u00f1as y las u\u00f1as.<\/p>\n","protected":false},"featured_media":175376,"comment_status":"open","ping_status":"closed","template":"","meta":{"_acf_changed":false},"product_brand":[],"product_cat":[914,620,638,674,624,625,676,672,652,660,626,657],"product_tag":[812,843,808,793],"class_list":{"0":"post-159986","1":"product","2":"type-product","3":"status-publish","4":"has-post-thumbnail","6":"product_cat-aceite-vegetal-cuerpo","7":"product_cat-aceites-vegetales","8":"product_cat-aceites-vegetales-faciales","9":"product_cat-acelera-mi-crecimiento-de-pelo","10":"product_cat-cara","11":"product_cat-cuerpo","12":"product_cat-frena-mi-perdida-de-pelo","13":"product_cat-hidratar-mi-pelo-seco","14":"product_cat-manchas-de-pigmentacion-cicatrices-de-acne-cara","15":"product_cat-manchas-de-pigmentacion-marcas-de-embarazo-cuerpo","16":"product_cat-pelo","17":"product_cat-sequia-cuerpo","18":"product_tag-aceite-tacto-graso","19":"product_tag-cuidado-diurno-y-nocturno","20":"product_tag-fortificar","21":"product_tag-pelo","23":"first","24":"instock","25":"taxable","26":"shipping-taxable","27":"purchasable","28":"product-type-variable","29":"has-default-attributes"},"acf":[],"_links":{"self":[{"href":"https:\/\/haut-segala.com\/es\/wp-json\/wp\/v2\/product\/159986","targetHints":{"allow":["GET"]}}],"collection":[{"href":"https:\/\/haut-segala.com\/es\/wp-json\/wp\/v2\/product"}],"about":[{"href":"https:\/\/haut-segala.com\/es\/wp-json\/wp\/v2\/types\/product"}],"replies":[{"embeddable":true,"href":"https:\/\/haut-segala.com\/es\/wp-json\/wp\/v2\/comments?post=159986"}],"wp:featuredmedia":[{"embeddable":true,"href":"https:\/\/haut-segala.com\/es\/wp-json\/wp\/v2\/media\/175376"}],"wp:attachment":[{"href":"https:\/\/haut-segala.com\/es\/wp-json\/wp\/v2\/media?parent=159986"}],"wp:term":[{"taxonomy":"product_brand","embeddable":true,"href":"https:\/\/haut-segala.com\/es\/wp-json\/wp\/v2\/product_brand?post=159986"},{"taxonomy":"product_cat","embeddable":true,"href":"https:\/\/haut-segala.com\/es\/wp-json\/wp\/v2\/product_cat?post=159986"},{"taxonomy":"product_tag","embeddable":true,"href":"https:\/\/haut-segala.com\/es\/wp-json\/wp\/v2\/product_tag?post=159986"}],"curies":[{"name":"wp","href":"https:\/\/api.w.org\/{rel}","templated":true}]}}