{"id":159995,"date":"2024-04-26T00:01:53","date_gmt":"2024-04-25T22:01:53","guid":{"rendered":"https:\/\/haut-segala.com\/produit\/huile-de-chanvre-certifiee-bio-ca\/"},"modified":"2026-02-04T00:20:25","modified_gmt":"2026-02-03T23:20:25","slug":"huile-de-chanvre-certifiee-bio-ca","status":"publish","type":"product","link":"https:\/\/haut-segala.com\/es\/produit\/huile-de-chanvre-certifiee-bio-ca\/","title":{"rendered":"Aceite de c\u00e1\u00f1amo ecol\u00f3gico certificado"},"content":{"rendered":"","protected":false},"excerpt":{"rendered":"<p>Rico en omega-6 y omega-3, el aceite vegetal de c\u00e1\u00f1amo es un precioso aliado para las pieles muy sensibles y secas y para problemas cut\u00e1neos como la ros\u00e1cea.<\/p>\n","protected":false},"featured_media":152348,"comment_status":"open","ping_status":"closed","template":"","meta":{"_acf_changed":false},"product_brand":[],"product_cat":[768,914,620,638,673,690,624,769,625,681,656,682,651,666,626,649,669,650,679,657,671],"product_tag":[],"class_list":{"0":"post-159995","1":"product","2":"type-product","3":"status-publish","4":"has-post-thumbnail","6":"product_cat-aceite-comestible","7":"product_cat-aceite-vegetal-cuerpo","8":"product_cat-aceites-vegetales","9":"product_cat-aceites-vegetales-faciales","10":"product_cat-alimenta-mi-pelo-seco","11":"product_cat-bienestar","12":"product_cat-cara","13":"product_cat-complementos-alimenticios","14":"product_cat-cuerpo","15":"product_cat-soins-capillaire-cheveux-es","16":"product_cat-deshidratacion-cuerpo","17":"product_cat-manque-de-fermete-corps-es","18":"product_cat-falta-de-firmeza-en-la-cara","19":"product_cat-ilumina-mi-pelo","20":"product_cat-pelo","21":"product_cat-primeras-arrugas-y-arrugas-establecidas-cara","22":"product_cat-purificar-mi-cuero-cabelludo-graso","23":"product_cat-sensibilidad-facial-y-enrojecimiento","24":"product_cat-sensibilite-demangeaisons-corps-es","25":"product_cat-sequia-cuerpo","26":"product_cat-traer-volumen","28":"first","29":"instock","30":"taxable","31":"shipping-taxable","32":"purchasable","33":"product-type-variable","34":"has-default-attributes"},"acf":[],"_links":{"self":[{"href":"https:\/\/haut-segala.com\/es\/wp-json\/wp\/v2\/product\/159995","targetHints":{"allow":["GET"]}}],"collection":[{"href":"https:\/\/haut-segala.com\/es\/wp-json\/wp\/v2\/product"}],"about":[{"href":"https:\/\/haut-segala.com\/es\/wp-json\/wp\/v2\/types\/product"}],"replies":[{"embeddable":true,"href":"https:\/\/haut-segala.com\/es\/wp-json\/wp\/v2\/comments?post=159995"}],"wp:featuredmedia":[{"embeddable":true,"href":"https:\/\/haut-segala.com\/es\/wp-json\/wp\/v2\/media\/152348"}],"wp:attachment":[{"href":"https:\/\/haut-segala.com\/es\/wp-json\/wp\/v2\/media?parent=159995"}],"wp:term":[{"taxonomy":"product_brand","embeddable":true,"href":"https:\/\/haut-segala.com\/es\/wp-json\/wp\/v2\/product_brand?post=159995"},{"taxonomy":"product_cat","embeddable":true,"href":"https:\/\/haut-segala.com\/es\/wp-json\/wp\/v2\/product_cat?post=159995"},{"taxonomy":"product_tag","embeddable":true,"href":"https:\/\/haut-segala.com\/es\/wp-json\/wp\/v2\/product_tag?post=159995"}],"curies":[{"name":"wp","href":"https:\/\/api.w.org\/{rel}","templated":true}]}}