{"id":160038,"date":"2022-06-27T15:54:51","date_gmt":"2022-06-27T13:54:51","guid":{"rendered":"https:\/\/haut-segala.com\/produit\/huile-de-neem-certifiee-bio\/"},"modified":"2026-02-26T09:04:05","modified_gmt":"2026-02-26T08:04:05","slug":"huile-de-neem-certifiee-bio","status":"publish","type":"product","link":"https:\/\/haut-segala.com\/es\/produit\/huile-de-neem-certifiee-bio\/","title":{"rendered":"Aceite de neem ecol\u00f3gico certificado"},"content":{"rendered":"","protected":false},"excerpt":{"rendered":"<p>El aceite vegetal de neem har\u00e1 las delicias de las pieles con problemas gracias a sus propiedades purificantes. Tambi\u00e9n puede utilizarse como repelente natural de piojos.<\/p>\n","protected":false},"featured_media":166990,"comment_status":"open","ping_status":"closed","template":"","meta":{"_acf_changed":false},"product_brand":[],"product_cat":[620,638,648,677,624,655,654,646,645,626,669,650],"product_tag":[],"class_list":{"0":"post-160038","1":"product","2":"type-product","3":"status-publish","4":"has-post-thumbnail","6":"product_cat-aceites-vegetales","7":"product_cat-aceites-vegetales-faciales","8":"product_cat-brillos-y-poros-dilatados-en-el-rostro","9":"product_cat-calma-mi-pelo-sensible","10":"product_cat-cara","11":"product_cat-cara-grasa","12":"product_cat-cara-mixta","13":"product_cat-deshidratacion-facial","14":"product_cat-imperfecciones-de-la-cara","15":"product_cat-pelo","16":"product_cat-purificar-mi-cuero-cabelludo-graso","17":"product_cat-sensibilidad-facial-y-enrojecimiento","19":"first","20":"instock","21":"taxable","22":"shipping-taxable","23":"purchasable","24":"product-type-simple"},"acf":[],"_links":{"self":[{"href":"https:\/\/haut-segala.com\/es\/wp-json\/wp\/v2\/product\/160038","targetHints":{"allow":["GET"]}}],"collection":[{"href":"https:\/\/haut-segala.com\/es\/wp-json\/wp\/v2\/product"}],"about":[{"href":"https:\/\/haut-segala.com\/es\/wp-json\/wp\/v2\/types\/product"}],"replies":[{"embeddable":true,"href":"https:\/\/haut-segala.com\/es\/wp-json\/wp\/v2\/comments?post=160038"}],"wp:featuredmedia":[{"embeddable":true,"href":"https:\/\/haut-segala.com\/es\/wp-json\/wp\/v2\/media\/166990"}],"wp:attachment":[{"href":"https:\/\/haut-segala.com\/es\/wp-json\/wp\/v2\/media?parent=160038"}],"wp:term":[{"taxonomy":"product_brand","embeddable":true,"href":"https:\/\/haut-segala.com\/es\/wp-json\/wp\/v2\/product_brand?post=160038"},{"taxonomy":"product_cat","embeddable":true,"href":"https:\/\/haut-segala.com\/es\/wp-json\/wp\/v2\/product_cat?post=160038"},{"taxonomy":"product_tag","embeddable":true,"href":"https:\/\/haut-segala.com\/es\/wp-json\/wp\/v2\/product_tag?post=160038"}],"curies":[{"name":"wp","href":"https:\/\/api.w.org\/{rel}","templated":true}]}}