{"id":160046,"date":"2022-06-27T15:54:40","date_gmt":"2022-06-27T13:54:40","guid":{"rendered":"https:\/\/haut-segala.com\/produit\/huile-de-monoi-de-tahiti-naturelle\/"},"modified":"2026-03-23T01:17:53","modified_gmt":"2026-03-23T00:17:53","slug":"huile-de-monoi-de-tahiti-naturelle","status":"publish","type":"product","link":"https:\/\/haut-segala.com\/es\/produit\/huile-de-monoi-de-tahiti-naturelle\/","title":{"rendered":"Aceite natural de monoi de Tahit\u00ed"},"content":{"rendered":"","protected":false},"excerpt":{"rendered":"<p>Aut\u00e9ntico ritual de belleza polinesio con una fragancia encantadora, el aceite de Mono\u00ef, con denominaci\u00f3n de origen protegida \u00abMono\u00ef de Tahit\u00ed\u00bb, embellece, perfuma y protege la piel y el cabello.<\/p>\n","protected":false},"featured_media":136000,"comment_status":"open","ping_status":"closed","template":"","meta":{"_acf_changed":false},"product_brand":[],"product_cat":[620,914,638,624,653,625,681,646,656,682,651,672,666,626,683,649,667,657],"product_tag":[],"class_list":{"0":"post-160046","1":"product","2":"type-product","3":"status-publish","4":"has-post-thumbnail","6":"product_cat-aceites-vegetales","7":"product_cat-aceite-vegetal-cuerpo","8":"product_cat-aceites-vegetales-faciales","9":"product_cat-cara","10":"product_cat-cara-seca","11":"product_cat-cuerpo","12":"product_cat-soins-capillaire-cheveux-es","13":"product_cat-deshidratacion-facial","14":"product_cat-deshidratacion-cuerpo","15":"product_cat-manque-de-fermete-corps-es","16":"product_cat-falta-de-firmeza-en-la-cara","17":"product_cat-hidratar-mi-pelo-seco","18":"product_cat-ilumina-mi-pelo","19":"product_cat-pelo","20":"product_cat-peau-terne-corps-es","21":"product_cat-primeras-arrugas-y-arrugas-establecidas-cara","22":"product_cat-repara-el-cabello-danado","23":"product_cat-sequia-cuerpo","25":"first","26":"instock","27":"taxable","28":"shipping-taxable","29":"purchasable","30":"product-type-simple"},"acf":[],"_links":{"self":[{"href":"https:\/\/haut-segala.com\/es\/wp-json\/wp\/v2\/product\/160046","targetHints":{"allow":["GET"]}}],"collection":[{"href":"https:\/\/haut-segala.com\/es\/wp-json\/wp\/v2\/product"}],"about":[{"href":"https:\/\/haut-segala.com\/es\/wp-json\/wp\/v2\/types\/product"}],"replies":[{"embeddable":true,"href":"https:\/\/haut-segala.com\/es\/wp-json\/wp\/v2\/comments?post=160046"}],"wp:featuredmedia":[{"embeddable":true,"href":"https:\/\/haut-segala.com\/es\/wp-json\/wp\/v2\/media\/136000"}],"wp:attachment":[{"href":"https:\/\/haut-segala.com\/es\/wp-json\/wp\/v2\/media?parent=160046"}],"wp:term":[{"taxonomy":"product_brand","embeddable":true,"href":"https:\/\/haut-segala.com\/es\/wp-json\/wp\/v2\/product_brand?post=160046"},{"taxonomy":"product_cat","embeddable":true,"href":"https:\/\/haut-segala.com\/es\/wp-json\/wp\/v2\/product_cat?post=160046"},{"taxonomy":"product_tag","embeddable":true,"href":"https:\/\/haut-segala.com\/es\/wp-json\/wp\/v2\/product_tag?post=160046"}],"curies":[{"name":"wp","href":"https:\/\/api.w.org\/{rel}","templated":true}]}}