{"id":160152,"date":"2022-06-27T15:55:00","date_gmt":"2022-06-27T13:55:00","guid":{"rendered":"https:\/\/haut-segala.com\/produit\/beurre-corporel-de-karite-certifie-bio\/"},"modified":"2026-02-04T00:20:26","modified_gmt":"2026-02-03T23:20:26","slug":"beurre-corporel-de-karite-certifie-bio","status":"publish","type":"product","link":"https:\/\/haut-segala.com\/es\/produit\/beurre-corporel-de-karite-certifie-bio\/","title":{"rendered":"Manteca corporal de karit\u00e9 con certificado ecol\u00f3gico"},"content":{"rendered":"","protected":false},"excerpt":{"rendered":"<p>La manteca corporal de karit\u00e9 ecol\u00f3gico es un producto natural completo para el cuidado de la piel del rostro, el cuerpo y el cabello. Nutre, protege y suaviza la piel seca a muy seca, calmando las rojeces e irritaciones.<\/p>\n<p>Utilizada como mascarilla capilar, repara y nutre en profundidad el cabello seco a muy seco.<\/p>\n","protected":false},"featured_media":135328,"comment_status":"open","ping_status":"closed","template":"","meta":{"_acf_changed":false},"product_brand":[],"product_cat":[677,629,625,681,656,672,666,729,626,679,657],"product_tag":[],"class_list":{"0":"post-160152","1":"product","2":"type-product","3":"status-publish","4":"has-post-thumbnail","6":"product_cat-calma-mi-pelo-sensible","7":"product_cat-cremas-corporales","8":"product_cat-cuerpo","9":"product_cat-soins-capillaire-cheveux-es","10":"product_cat-deshidratacion-cuerpo","11":"product_cat-hidratar-mi-pelo-seco","12":"product_cat-ilumina-mi-pelo","13":"product_cat-beurres-corporels-corps-es","14":"product_cat-pelo","15":"product_cat-sensibilite-demangeaisons-corps-es","16":"product_cat-sequia-cuerpo","18":"first","19":"instock","20":"taxable","21":"shipping-taxable","22":"purchasable","23":"product-type-variable","24":"has-default-attributes"},"acf":[],"_links":{"self":[{"href":"https:\/\/haut-segala.com\/es\/wp-json\/wp\/v2\/product\/160152","targetHints":{"allow":["GET"]}}],"collection":[{"href":"https:\/\/haut-segala.com\/es\/wp-json\/wp\/v2\/product"}],"about":[{"href":"https:\/\/haut-segala.com\/es\/wp-json\/wp\/v2\/types\/product"}],"replies":[{"embeddable":true,"href":"https:\/\/haut-segala.com\/es\/wp-json\/wp\/v2\/comments?post=160152"}],"wp:featuredmedia":[{"embeddable":true,"href":"https:\/\/haut-segala.com\/es\/wp-json\/wp\/v2\/media\/135328"}],"wp:attachment":[{"href":"https:\/\/haut-segala.com\/es\/wp-json\/wp\/v2\/media?parent=160152"}],"wp:term":[{"taxonomy":"product_brand","embeddable":true,"href":"https:\/\/haut-segala.com\/es\/wp-json\/wp\/v2\/product_brand?post=160152"},{"taxonomy":"product_cat","embeddable":true,"href":"https:\/\/haut-segala.com\/es\/wp-json\/wp\/v2\/product_cat?post=160152"},{"taxonomy":"product_tag","embeddable":true,"href":"https:\/\/haut-segala.com\/es\/wp-json\/wp\/v2\/product_tag?post=160152"}],"curies":[{"name":"wp","href":"https:\/\/api.w.org\/{rel}","templated":true}]}}