{"id":160260,"date":"2023-01-23T07:00:52","date_gmt":"2023-01-23T06:00:52","guid":{"rendered":"https:\/\/haut-segala.com\/produit\/deodorant-creme-homme-certifie-bio\/"},"modified":"2026-02-04T00:19:38","modified_gmt":"2026-02-03T23:19:38","slug":"deodorant-creme-homme-certifie-bio","status":"publish","type":"product","link":"https:\/\/haut-segala.com\/es\/produit\/deodorant-creme-homme-certifie-bio\/","title":{"rendered":"Desodorante en crema con fragancia amaderada para hombre certificado ecol\u00f3gico"},"content":{"rendered":"","protected":false},"excerpt":{"rendered":"<p>Este b\u00e1lsamo desodorante 100% natural, vegano y con certificado ecol\u00f3gico, de textura cremosa, te protege eficazmente de los malos olores durante todo el d\u00eda, regulando la transpiraci\u00f3n sin bloquearla. Dejan en tu piel el aroma amaderado del vetiver.<\/p>\n","protected":false},"featured_media":136687,"comment_status":"open","ping_status":"closed","template":"","meta":{"_acf_changed":false},"product_brand":[],"product_cat":[625,686,631,623],"product_tag":[],"class_list":{"0":"post-160260","1":"product","2":"type-product","3":"status-publish","4":"has-post-thumbnail","6":"product_cat-cuerpo","7":"product_cat-deodorants-corps-es","8":"product_cat-desodorantes-en-crema","9":"product_cat-precios-rebajados","11":"first","12":"instock","13":"sale","14":"taxable","15":"shipping-taxable","16":"purchasable","17":"product-type-simple"},"acf":[],"_links":{"self":[{"href":"https:\/\/haut-segala.com\/es\/wp-json\/wp\/v2\/product\/160260","targetHints":{"allow":["GET"]}}],"collection":[{"href":"https:\/\/haut-segala.com\/es\/wp-json\/wp\/v2\/product"}],"about":[{"href":"https:\/\/haut-segala.com\/es\/wp-json\/wp\/v2\/types\/product"}],"replies":[{"embeddable":true,"href":"https:\/\/haut-segala.com\/es\/wp-json\/wp\/v2\/comments?post=160260"}],"wp:featuredmedia":[{"embeddable":true,"href":"https:\/\/haut-segala.com\/es\/wp-json\/wp\/v2\/media\/136687"}],"wp:attachment":[{"href":"https:\/\/haut-segala.com\/es\/wp-json\/wp\/v2\/media?parent=160260"}],"wp:term":[{"taxonomy":"product_brand","embeddable":true,"href":"https:\/\/haut-segala.com\/es\/wp-json\/wp\/v2\/product_brand?post=160260"},{"taxonomy":"product_cat","embeddable":true,"href":"https:\/\/haut-segala.com\/es\/wp-json\/wp\/v2\/product_cat?post=160260"},{"taxonomy":"product_tag","embeddable":true,"href":"https:\/\/haut-segala.com\/es\/wp-json\/wp\/v2\/product_tag?post=160260"}],"curies":[{"name":"wp","href":"https:\/\/api.w.org\/{rel}","templated":true}]}}