{"id":160384,"date":"2022-06-27T15:55:56","date_gmt":"2022-06-27T13:55:56","guid":{"rendered":"https:\/\/haut-segala.com\/produit\/huile-fantastique-naturelle\/"},"modified":"2026-03-29T17:51:32","modified_gmt":"2026-03-29T15:51:32","slug":"huile-fantastique-naturelle","status":"publish","type":"product","link":"https:\/\/haut-segala.com\/es\/produit\/huile-fantastique-naturelle\/","title":{"rendered":"Aceite Natural Fant\u00e1stico"},"content":{"rendered":"","protected":false},"excerpt":{"rendered":"<p>El aceite Fantastique puede aplicarse en el rostro, el cuerpo y el cabello. Este tratamiento es una sinergia perfecta de aceites (Coco, Monoi, Ciruela) que suavizar\u00e1n, hidratar\u00e1n y dejar\u00e1n un acabado ligeramente nacarado en la piel.<\/p>\n","protected":false},"featured_media":135340,"comment_status":"open","ping_status":"closed","template":"","meta":{"_acf_changed":false},"product_brand":[],"product_cat":[673,624,707,628,625,681,646,672,626,683,657,642,647],"product_tag":[],"class_list":{"0":"post-160384","1":"product","2":"type-product","3":"status-publish","4":"has-post-thumbnail","6":"product_cat-alimenta-mi-pelo-seco","7":"product_cat-cara","8":"product_cat-complexe-huileux-corps-es","9":"product_cat-complejos-oleosos","10":"product_cat-cuerpo","11":"product_cat-soins-capillaire-cheveux-es","12":"product_cat-deshidratacion-facial","13":"product_cat-hidratar-mi-pelo-seco","14":"product_cat-pelo","15":"product_cat-peau-terne-corps-es","16":"product_cat-sequia-cuerpo","17":"product_cat-sueros-faciales","18":"product_cat-tez-apagada","20":"first","21":"instock","22":"taxable","23":"shipping-taxable","24":"purchasable","25":"product-type-simple"},"acf":[],"_links":{"self":[{"href":"https:\/\/haut-segala.com\/es\/wp-json\/wp\/v2\/product\/160384","targetHints":{"allow":["GET"]}}],"collection":[{"href":"https:\/\/haut-segala.com\/es\/wp-json\/wp\/v2\/product"}],"about":[{"href":"https:\/\/haut-segala.com\/es\/wp-json\/wp\/v2\/types\/product"}],"replies":[{"embeddable":true,"href":"https:\/\/haut-segala.com\/es\/wp-json\/wp\/v2\/comments?post=160384"}],"wp:featuredmedia":[{"embeddable":true,"href":"https:\/\/haut-segala.com\/es\/wp-json\/wp\/v2\/media\/135340"}],"wp:attachment":[{"href":"https:\/\/haut-segala.com\/es\/wp-json\/wp\/v2\/media?parent=160384"}],"wp:term":[{"taxonomy":"product_brand","embeddable":true,"href":"https:\/\/haut-segala.com\/es\/wp-json\/wp\/v2\/product_brand?post=160384"},{"taxonomy":"product_cat","embeddable":true,"href":"https:\/\/haut-segala.com\/es\/wp-json\/wp\/v2\/product_cat?post=160384"},{"taxonomy":"product_tag","embeddable":true,"href":"https:\/\/haut-segala.com\/es\/wp-json\/wp\/v2\/product_tag?post=160384"}],"curies":[{"name":"wp","href":"https:\/\/api.w.org\/{rel}","templated":true}]}}