{"id":160397,"date":"2022-06-27T15:55:00","date_gmt":"2022-06-27T13:55:00","guid":{"rendered":"https:\/\/haut-segala.com\/produit\/huile-anti-vergetures-certifiee-bio\/"},"modified":"2025-07-23T00:00:51","modified_gmt":"2025-07-22T22:00:51","slug":"huile-anti-vergetures-certifiee-bio","status":"publish","type":"product","link":"https:\/\/haut-segala.com\/es\/produit\/huile-anti-vergetures-certifiee-bio\/","title":{"rendered":"Aceite antiestr\u00edas ecol\u00f3gico certificado"},"content":{"rendered":"","protected":false},"excerpt":{"rendered":"<p>El aceite antiestr\u00edas es un complejo de aceites vegetales ecol\u00f3gicos que ayudan a prevenir la aparici\u00f3n de estr\u00edas y favorecen su reducci\u00f3n.<\/p>\n","protected":false},"featured_media":135336,"comment_status":"open","ping_status":"closed","template":"","meta":{"_acf_changed":false},"product_brand":[],"product_cat":[707,628,625,658],"product_tag":[],"class_list":{"0":"post-160397","1":"product","2":"type-product","3":"status-publish","4":"has-post-thumbnail","6":"product_cat-complexe-huileux-corps-es","7":"product_cat-complejos-oleosos","8":"product_cat-cuerpo","9":"product_cat-estrias-cuerpo","11":"first","12":"instock","13":"taxable","14":"shipping-taxable","15":"purchasable","16":"product-type-simple"},"acf":[],"_links":{"self":[{"href":"https:\/\/haut-segala.com\/es\/wp-json\/wp\/v2\/product\/160397","targetHints":{"allow":["GET"]}}],"collection":[{"href":"https:\/\/haut-segala.com\/es\/wp-json\/wp\/v2\/product"}],"about":[{"href":"https:\/\/haut-segala.com\/es\/wp-json\/wp\/v2\/types\/product"}],"replies":[{"embeddable":true,"href":"https:\/\/haut-segala.com\/es\/wp-json\/wp\/v2\/comments?post=160397"}],"wp:featuredmedia":[{"embeddable":true,"href":"https:\/\/haut-segala.com\/es\/wp-json\/wp\/v2\/media\/135336"}],"wp:attachment":[{"href":"https:\/\/haut-segala.com\/es\/wp-json\/wp\/v2\/media?parent=160397"}],"wp:term":[{"taxonomy":"product_brand","embeddable":true,"href":"https:\/\/haut-segala.com\/es\/wp-json\/wp\/v2\/product_brand?post=160397"},{"taxonomy":"product_cat","embeddable":true,"href":"https:\/\/haut-segala.com\/es\/wp-json\/wp\/v2\/product_cat?post=160397"},{"taxonomy":"product_tag","embeddable":true,"href":"https:\/\/haut-segala.com\/es\/wp-json\/wp\/v2\/product_tag?post=160397"}],"curies":[{"name":"wp","href":"https:\/\/api.w.org\/{rel}","templated":true}]}}