{"id":160415,"date":"2022-06-27T15:56:05","date_gmt":"2022-06-27T13:56:05","guid":{"rendered":"https:\/\/haut-segala.com\/produit\/huile-cbd-spectre-large-8-1120mg-naturelle\/"},"modified":"2025-12-23T16:52:06","modified_gmt":"2025-12-23T15:52:06","slug":"huile-cbd-spectre-large-8-1120mg-naturelle","status":"publish","type":"product","link":"https:\/\/haut-segala.com\/es\/produit\/huile-cbd-spectre-large-8-1120mg-naturelle\/","title":{"rendered":"Aceite de CBD de amplio espectro 8% (1200mg) natural"},"content":{"rendered":"","protected":false},"excerpt":{"rendered":"<p>Este aceite de CBD, rico en cannabidiol (CBD) y terpenos, proporciona una sensaci\u00f3n de bienestar, calma y alivia el estr\u00e9s. Sencillo, seguro y garantizado, proporciona el tan buscado efecto s\u00e9quito y se beneficia del m\u00e1s alto nivel de control de calidad.<\/p>\n","protected":false},"featured_media":155032,"comment_status":"open","ping_status":"closed","template":"","meta":{"_acf_changed":false},"product_brand":[],"product_cat":[634,690,769,623],"product_tag":[],"class_list":{"0":"post-160415","1":"product","2":"type-product","3":"status-publish","4":"has-post-thumbnail","6":"product_cat-aceites-de-cbd","7":"product_cat-bienestar","8":"product_cat-complementos-alimenticios","9":"product_cat-precios-rebajados","11":"first","12":"instock","13":"sale","14":"taxable","15":"shipping-taxable","16":"purchasable","17":"product-type-simple"},"acf":[],"_links":{"self":[{"href":"https:\/\/haut-segala.com\/es\/wp-json\/wp\/v2\/product\/160415","targetHints":{"allow":["GET"]}}],"collection":[{"href":"https:\/\/haut-segala.com\/es\/wp-json\/wp\/v2\/product"}],"about":[{"href":"https:\/\/haut-segala.com\/es\/wp-json\/wp\/v2\/types\/product"}],"replies":[{"embeddable":true,"href":"https:\/\/haut-segala.com\/es\/wp-json\/wp\/v2\/comments?post=160415"}],"wp:featuredmedia":[{"embeddable":true,"href":"https:\/\/haut-segala.com\/es\/wp-json\/wp\/v2\/media\/155032"}],"wp:attachment":[{"href":"https:\/\/haut-segala.com\/es\/wp-json\/wp\/v2\/media?parent=160415"}],"wp:term":[{"taxonomy":"product_brand","embeddable":true,"href":"https:\/\/haut-segala.com\/es\/wp-json\/wp\/v2\/product_brand?post=160415"},{"taxonomy":"product_cat","embeddable":true,"href":"https:\/\/haut-segala.com\/es\/wp-json\/wp\/v2\/product_cat?post=160415"},{"taxonomy":"product_tag","embeddable":true,"href":"https:\/\/haut-segala.com\/es\/wp-json\/wp\/v2\/product_tag?post=160415"}],"curies":[{"name":"wp","href":"https:\/\/api.w.org\/{rel}","templated":true}]}}