{"id":160421,"date":"2022-06-27T15:54:11","date_gmt":"2022-06-27T13:54:11","guid":{"rendered":"https:\/\/haut-segala.com\/produit\/dissolvant-vanille\/"},"modified":"2024-08-19T17:03:13","modified_gmt":"2024-08-19T15:03:13","slug":"dissolvant-vanille","status":"publish","type":"product","link":"https:\/\/haut-segala.com\/es\/produit\/dissolvant-vanille\/","title":{"rendered":"Quitaesmalte de Vainilla"},"content":{"rendered":"","protected":false},"excerpt":{"rendered":"<p>Este quitaesmalte elimina todos los esmaltes de u\u00f1as con facilidad. Enriquecido con aceite de ricino, cuida las u\u00f1as y las cut\u00edculas despu\u00e9s de cada aplicaci\u00f3n.<\/p>\n","protected":false},"featured_media":162610,"comment_status":"open","ping_status":"closed","template":"","meta":{"_acf_changed":false},"product_brand":[],"product_cat":[625],"product_tag":[],"class_list":{"0":"post-160421","1":"product","2":"type-product","3":"status-publish","4":"has-post-thumbnail","6":"product_cat-cuerpo","8":"first","9":"instock","10":"taxable","11":"shipping-taxable","12":"purchasable","13":"product-type-simple"},"acf":[],"_links":{"self":[{"href":"https:\/\/haut-segala.com\/es\/wp-json\/wp\/v2\/product\/160421","targetHints":{"allow":["GET"]}}],"collection":[{"href":"https:\/\/haut-segala.com\/es\/wp-json\/wp\/v2\/product"}],"about":[{"href":"https:\/\/haut-segala.com\/es\/wp-json\/wp\/v2\/types\/product"}],"replies":[{"embeddable":true,"href":"https:\/\/haut-segala.com\/es\/wp-json\/wp\/v2\/comments?post=160421"}],"wp:featuredmedia":[{"embeddable":true,"href":"https:\/\/haut-segala.com\/es\/wp-json\/wp\/v2\/media\/162610"}],"wp:attachment":[{"href":"https:\/\/haut-segala.com\/es\/wp-json\/wp\/v2\/media?parent=160421"}],"wp:term":[{"taxonomy":"product_brand","embeddable":true,"href":"https:\/\/haut-segala.com\/es\/wp-json\/wp\/v2\/product_brand?post=160421"},{"taxonomy":"product_cat","embeddable":true,"href":"https:\/\/haut-segala.com\/es\/wp-json\/wp\/v2\/product_cat?post=160421"},{"taxonomy":"product_tag","embeddable":true,"href":"https:\/\/haut-segala.com\/es\/wp-json\/wp\/v2\/product_tag?post=160421"}],"curies":[{"name":"wp","href":"https:\/\/api.w.org\/{rel}","templated":true}]}}