{"id":160433,"date":"2022-06-27T15:54:51","date_gmt":"2022-06-27T13:54:51","guid":{"rendered":"https:\/\/haut-segala.com\/produit\/contour-des-yeux-a-laloe-vera-certifie-bio\/"},"modified":"2026-04-16T15:43:46","modified_gmt":"2026-04-16T13:43:46","slug":"contour-des-yeux-a-laloe-vera-certifie-bio","status":"publish","type":"product","link":"https:\/\/haut-segala.com\/es\/produit\/contour-des-yeux-a-laloe-vera-certifie-bio\/","title":{"rendered":"Contorno de ojos con Aloe Vera certificado ecol\u00f3gico"},"content":{"rendered":"","protected":false},"excerpt":{"rendered":"<p>Este contorno de ojos con Aloe Vera alisa e hidrata las ojeras y las l\u00edneas de expresi\u00f3n. Es el mejor aliado para los ojos cansados. Gracias a su bola aplicadora, hidrata y refresca instant\u00e1neamente el contorno de los ojos.<\/p>\n","protected":false},"featured_media":198621,"comment_status":"open","ping_status":"closed","template":"","meta":{"_acf_changed":false},"product_brand":[],"product_cat":[624,644,630,649,650,647],"product_tag":[],"class_list":{"0":"post-160433","1":"product","2":"type-product","3":"status-publish","4":"has-post-thumbnail","6":"product_cat-cara","7":"product_cat-contorno-de-ojos-rostro","8":"product_cat-cuidados-con-aloe-vera","9":"product_cat-primeras-arrugas-y-arrugas-establecidas-cara","10":"product_cat-sensibilidad-facial-y-enrojecimiento","11":"product_cat-tez-apagada","13":"first","14":"instock","15":"taxable","16":"shipping-taxable","17":"purchasable","18":"product-type-simple"},"acf":[],"_links":{"self":[{"href":"https:\/\/haut-segala.com\/es\/wp-json\/wp\/v2\/product\/160433","targetHints":{"allow":["GET"]}}],"collection":[{"href":"https:\/\/haut-segala.com\/es\/wp-json\/wp\/v2\/product"}],"about":[{"href":"https:\/\/haut-segala.com\/es\/wp-json\/wp\/v2\/types\/product"}],"replies":[{"embeddable":true,"href":"https:\/\/haut-segala.com\/es\/wp-json\/wp\/v2\/comments?post=160433"}],"wp:featuredmedia":[{"embeddable":true,"href":"https:\/\/haut-segala.com\/es\/wp-json\/wp\/v2\/media\/198621"}],"wp:attachment":[{"href":"https:\/\/haut-segala.com\/es\/wp-json\/wp\/v2\/media?parent=160433"}],"wp:term":[{"taxonomy":"product_brand","embeddable":true,"href":"https:\/\/haut-segala.com\/es\/wp-json\/wp\/v2\/product_brand?post=160433"},{"taxonomy":"product_cat","embeddable":true,"href":"https:\/\/haut-segala.com\/es\/wp-json\/wp\/v2\/product_cat?post=160433"},{"taxonomy":"product_tag","embeddable":true,"href":"https:\/\/haut-segala.com\/es\/wp-json\/wp\/v2\/product_tag?post=160433"}],"curies":[{"name":"wp","href":"https:\/\/api.w.org\/{rel}","templated":true}]}}