{"id":160436,"date":"2022-06-27T15:54:51","date_gmt":"2022-06-27T13:54:51","guid":{"rendered":"https:\/\/haut-segala.com\/produit\/serum-hydratant-intense-aloe-vera-certifie-bio\/"},"modified":"2026-03-30T09:04:38","modified_gmt":"2026-03-30T07:04:38","slug":"serum-hydratant-intense-aloe-vera-certifie-bio","status":"publish","type":"product","link":"https:\/\/haut-segala.com\/es\/produit\/serum-hydratant-intense-aloe-vera-certifie-bio\/","title":{"rendered":"Suero hidratante intenso de aloe vera certificado ecol\u00f3gico"},"content":{"rendered":"","protected":false},"excerpt":{"rendered":"<p>Este suero tiene una textura muy fluida y se absorbe r\u00e1pidamente. Su composici\u00f3n hidrata y protege la piel de las agresiones externas. La piel queda suave y flexible, y recupera r\u00e1pidamente su luminosidad.<\/p>\n","protected":false},"featured_media":135829,"comment_status":"open","ping_status":"closed","template":"","meta":{"_acf_changed":false},"product_brand":[],"product_cat":[624,630,623,642],"product_tag":[],"class_list":{"0":"post-160436","1":"product","2":"type-product","3":"status-publish","4":"has-post-thumbnail","6":"product_cat-cara","7":"product_cat-cuidados-con-aloe-vera","8":"product_cat-precios-rebajados","9":"product_cat-sueros-faciales","11":"first","12":"instock","13":"sale","14":"taxable","15":"shipping-taxable","16":"purchasable","17":"product-type-simple"},"acf":[],"_links":{"self":[{"href":"https:\/\/haut-segala.com\/es\/wp-json\/wp\/v2\/product\/160436","targetHints":{"allow":["GET"]}}],"collection":[{"href":"https:\/\/haut-segala.com\/es\/wp-json\/wp\/v2\/product"}],"about":[{"href":"https:\/\/haut-segala.com\/es\/wp-json\/wp\/v2\/types\/product"}],"replies":[{"embeddable":true,"href":"https:\/\/haut-segala.com\/es\/wp-json\/wp\/v2\/comments?post=160436"}],"wp:featuredmedia":[{"embeddable":true,"href":"https:\/\/haut-segala.com\/es\/wp-json\/wp\/v2\/media\/135829"}],"wp:attachment":[{"href":"https:\/\/haut-segala.com\/es\/wp-json\/wp\/v2\/media?parent=160436"}],"wp:term":[{"taxonomy":"product_brand","embeddable":true,"href":"https:\/\/haut-segala.com\/es\/wp-json\/wp\/v2\/product_brand?post=160436"},{"taxonomy":"product_cat","embeddable":true,"href":"https:\/\/haut-segala.com\/es\/wp-json\/wp\/v2\/product_cat?post=160436"},{"taxonomy":"product_tag","embeddable":true,"href":"https:\/\/haut-segala.com\/es\/wp-json\/wp\/v2\/product_tag?post=160436"}],"curies":[{"name":"wp","href":"https:\/\/api.w.org\/{rel}","templated":true}]}}