{"id":160437,"date":"2022-06-27T15:54:51","date_gmt":"2022-06-27T13:54:51","guid":{"rendered":"https:\/\/haut-segala.com\/produit\/creme-de-jour-aloe-vera-certifiee-bio\/"},"modified":"2026-04-08T07:21:54","modified_gmt":"2026-04-08T05:21:54","slug":"creme-de-jour-aloe-vera-certifiee-bio","status":"publish","type":"product","link":"https:\/\/haut-segala.com\/es\/produit\/creme-de-jour-aloe-vera-certifiee-bio\/","title":{"rendered":"Crema de d\u00eda de aloe vera certificado ecol\u00f3gico"},"content":{"rendered":"","protected":false},"excerpt":{"rendered":"<p>Esta crema de d\u00eda de textura ligera hidrata la piel y devuelve la luminosidad al cutis.<\/p>\n","protected":false},"featured_media":180728,"comment_status":"open","ping_status":"closed","template":"","meta":{"_acf_changed":false},"product_brand":[],"product_cat":[624,654,643,630,646,647],"product_tag":[],"class_list":{"0":"post-160437","1":"product","2":"type-product","3":"status-publish","4":"has-post-thumbnail","6":"product_cat-cara","7":"product_cat-cara-mixta","8":"product_cat-cremas-faciales","9":"product_cat-cuidados-con-aloe-vera","10":"product_cat-deshidratacion-facial","11":"product_cat-tez-apagada","13":"first","14":"instock","15":"taxable","16":"shipping-taxable","17":"purchasable","18":"product-type-simple"},"acf":[],"_links":{"self":[{"href":"https:\/\/haut-segala.com\/es\/wp-json\/wp\/v2\/product\/160437","targetHints":{"allow":["GET"]}}],"collection":[{"href":"https:\/\/haut-segala.com\/es\/wp-json\/wp\/v2\/product"}],"about":[{"href":"https:\/\/haut-segala.com\/es\/wp-json\/wp\/v2\/types\/product"}],"replies":[{"embeddable":true,"href":"https:\/\/haut-segala.com\/es\/wp-json\/wp\/v2\/comments?post=160437"}],"wp:featuredmedia":[{"embeddable":true,"href":"https:\/\/haut-segala.com\/es\/wp-json\/wp\/v2\/media\/180728"}],"wp:attachment":[{"href":"https:\/\/haut-segala.com\/es\/wp-json\/wp\/v2\/media?parent=160437"}],"wp:term":[{"taxonomy":"product_brand","embeddable":true,"href":"https:\/\/haut-segala.com\/es\/wp-json\/wp\/v2\/product_brand?post=160437"},{"taxonomy":"product_cat","embeddable":true,"href":"https:\/\/haut-segala.com\/es\/wp-json\/wp\/v2\/product_cat?post=160437"},{"taxonomy":"product_tag","embeddable":true,"href":"https:\/\/haut-segala.com\/es\/wp-json\/wp\/v2\/product_tag?post=160437"}],"curies":[{"name":"wp","href":"https:\/\/api.w.org\/{rel}","templated":true}]}}