{"id":160449,"date":"2022-06-27T15:54:51","date_gmt":"2022-06-27T13:54:51","guid":{"rendered":"https:\/\/haut-segala.com\/produit\/serum-regenerant-aloe-vera-certifie-bio\/"},"modified":"2026-02-04T00:19:48","modified_gmt":"2026-02-03T23:19:48","slug":"serum-regenerant-aloe-vera-certifie-bio","status":"publish","type":"product","link":"https:\/\/haut-segala.com\/es\/produit\/serum-regenerant-aloe-vera-certifie-bio\/","title":{"rendered":"Suero regenerador de aloe vera certificado ecol\u00f3gico"},"content":{"rendered":"","protected":false},"excerpt":{"rendered":"<p>Este suero oleoso regenerador est\u00e1 elaborado con aceites vegetales ecol\u00f3gicos de gran valor. Es adecuado para todo tipo de pieles.<\/p>\n","protected":false},"featured_media":135813,"comment_status":"open","ping_status":"closed","template":"","meta":{"_acf_changed":false},"product_brand":[],"product_cat":[624,630,646,651,649,642,647],"product_tag":[],"class_list":{"0":"post-160449","1":"product","2":"type-product","3":"status-publish","4":"has-post-thumbnail","6":"product_cat-cara","7":"product_cat-cuidados-con-aloe-vera","8":"product_cat-deshidratacion-facial","9":"product_cat-falta-de-firmeza-en-la-cara","10":"product_cat-primeras-arrugas-y-arrugas-establecidas-cara","11":"product_cat-sueros-faciales","12":"product_cat-tez-apagada","14":"first","15":"instock","16":"taxable","17":"shipping-taxable","18":"purchasable","19":"product-type-simple"},"acf":[],"_links":{"self":[{"href":"https:\/\/haut-segala.com\/es\/wp-json\/wp\/v2\/product\/160449","targetHints":{"allow":["GET"]}}],"collection":[{"href":"https:\/\/haut-segala.com\/es\/wp-json\/wp\/v2\/product"}],"about":[{"href":"https:\/\/haut-segala.com\/es\/wp-json\/wp\/v2\/types\/product"}],"replies":[{"embeddable":true,"href":"https:\/\/haut-segala.com\/es\/wp-json\/wp\/v2\/comments?post=160449"}],"wp:featuredmedia":[{"embeddable":true,"href":"https:\/\/haut-segala.com\/es\/wp-json\/wp\/v2\/media\/135813"}],"wp:attachment":[{"href":"https:\/\/haut-segala.com\/es\/wp-json\/wp\/v2\/media?parent=160449"}],"wp:term":[{"taxonomy":"product_brand","embeddable":true,"href":"https:\/\/haut-segala.com\/es\/wp-json\/wp\/v2\/product_brand?post=160449"},{"taxonomy":"product_cat","embeddable":true,"href":"https:\/\/haut-segala.com\/es\/wp-json\/wp\/v2\/product_cat?post=160449"},{"taxonomy":"product_tag","embeddable":true,"href":"https:\/\/haut-segala.com\/es\/wp-json\/wp\/v2\/product_tag?post=160449"}],"curies":[{"name":"wp","href":"https:\/\/api.w.org\/{rel}","templated":true}]}}