{"id":160479,"date":"2022-06-27T15:53:51","date_gmt":"2022-06-27T13:53:51","guid":{"rendered":"https:\/\/haut-segala.com\/produit\/savon-dalep-20-baies-de-laurier\/"},"modified":"2026-02-04T00:20:01","modified_gmt":"2026-02-03T23:20:01","slug":"savon-dalep-20-baies-de-laurier","status":"publish","type":"product","link":"https:\/\/haut-segala.com\/es\/produit\/savon-dalep-20-baies-de-laurier\/","title":{"rendered":"Jab\u00f3n de Alepo 20% Bayas de laurel"},"content":{"rendered":"","protected":false},"excerpt":{"rendered":"<p>El Jab\u00f3n de Alepo 20% est\u00e1 formulado con aceite de oliva y laurel para limpiar y proteger todo tipo de pieles, incluso las m\u00e1s sensibles.<\/p>\n","protected":false},"featured_media":180716,"comment_status":"open","ping_status":"closed","template":"","meta":{"_acf_changed":false},"product_brand":[],"product_cat":[624,910,625,675,705,641,626],"product_tag":[],"class_list":{"0":"post-160479","1":"product","2":"type-product","3":"status-publish","4":"has-post-thumbnail","6":"product_cat-cara","7":"product_cat-champus-para-el-cabello","8":"product_cat-cuerpo","9":"product_cat-eliminar-caspa","10":"product_cat-nettoyants-douche-corps-es","11":"product_cat-limpiadores-faciales","12":"product_cat-pelo","14":"first","15":"instock","16":"taxable","17":"shipping-taxable","18":"purchasable","19":"product-type-simple"},"acf":[],"_links":{"self":[{"href":"https:\/\/haut-segala.com\/es\/wp-json\/wp\/v2\/product\/160479","targetHints":{"allow":["GET"]}}],"collection":[{"href":"https:\/\/haut-segala.com\/es\/wp-json\/wp\/v2\/product"}],"about":[{"href":"https:\/\/haut-segala.com\/es\/wp-json\/wp\/v2\/types\/product"}],"replies":[{"embeddable":true,"href":"https:\/\/haut-segala.com\/es\/wp-json\/wp\/v2\/comments?post=160479"}],"wp:featuredmedia":[{"embeddable":true,"href":"https:\/\/haut-segala.com\/es\/wp-json\/wp\/v2\/media\/180716"}],"wp:attachment":[{"href":"https:\/\/haut-segala.com\/es\/wp-json\/wp\/v2\/media?parent=160479"}],"wp:term":[{"taxonomy":"product_brand","embeddable":true,"href":"https:\/\/haut-segala.com\/es\/wp-json\/wp\/v2\/product_brand?post=160479"},{"taxonomy":"product_cat","embeddable":true,"href":"https:\/\/haut-segala.com\/es\/wp-json\/wp\/v2\/product_cat?post=160479"},{"taxonomy":"product_tag","embeddable":true,"href":"https:\/\/haut-segala.com\/es\/wp-json\/wp\/v2\/product_tag?post=160479"}],"curies":[{"name":"wp","href":"https:\/\/api.w.org\/{rel}","templated":true}]}}