{"id":160498,"date":"2022-06-27T15:55:10","date_gmt":"2022-06-27T13:55:10","guid":{"rendered":"https:\/\/haut-segala.com\/produit\/savon-noir-a-leucalyptus-naturel-2\/"},"modified":"2026-01-21T12:09:51","modified_gmt":"2026-01-21T11:09:51","slug":"savon-noir-a-leucalyptus-naturel-2","status":"publish","type":"product","link":"https:\/\/haut-segala.com\/es\/produit\/savon-noir-a-leucalyptus-naturel-2\/","title":{"rendered":"Jab\u00f3n negro natural de eucalipto"},"content":{"rendered":"","protected":false},"excerpt":{"rendered":"<p>El jab\u00f3n negro ecol\u00f3gico es rico en vitamina E. Limpia, nutre, protege y suaviza de forma natural todo tipo de pieles.<\/p>\n","protected":false},"featured_media":135881,"comment_status":"open","ping_status":"closed","template":"","meta":{"_acf_changed":false},"product_brand":[],"product_cat":[624,625,954,705],"product_tag":[],"class_list":{"0":"post-160498","1":"product","2":"type-product","3":"status-publish","4":"has-post-thumbnail","6":"product_cat-cara","7":"product_cat-cuerpo","8":"product_cat-exfoliante-facial","9":"product_cat-nettoyants-douche-corps-es","11":"first","12":"outofstock","13":"taxable","14":"shipping-taxable","15":"purchasable","16":"product-type-simple"},"acf":[],"_links":{"self":[{"href":"https:\/\/haut-segala.com\/es\/wp-json\/wp\/v2\/product\/160498","targetHints":{"allow":["GET"]}}],"collection":[{"href":"https:\/\/haut-segala.com\/es\/wp-json\/wp\/v2\/product"}],"about":[{"href":"https:\/\/haut-segala.com\/es\/wp-json\/wp\/v2\/types\/product"}],"replies":[{"embeddable":true,"href":"https:\/\/haut-segala.com\/es\/wp-json\/wp\/v2\/comments?post=160498"}],"wp:featuredmedia":[{"embeddable":true,"href":"https:\/\/haut-segala.com\/es\/wp-json\/wp\/v2\/media\/135881"}],"wp:attachment":[{"href":"https:\/\/haut-segala.com\/es\/wp-json\/wp\/v2\/media?parent=160498"}],"wp:term":[{"taxonomy":"product_brand","embeddable":true,"href":"https:\/\/haut-segala.com\/es\/wp-json\/wp\/v2\/product_brand?post=160498"},{"taxonomy":"product_cat","embeddable":true,"href":"https:\/\/haut-segala.com\/es\/wp-json\/wp\/v2\/product_cat?post=160498"},{"taxonomy":"product_tag","embeddable":true,"href":"https:\/\/haut-segala.com\/es\/wp-json\/wp\/v2\/product_tag?post=160498"}],"curies":[{"name":"wp","href":"https:\/\/api.w.org\/{rel}","templated":true}]}}