{"id":160531,"date":"2022-06-27T15:55:28","date_gmt":"2022-06-27T13:55:28","guid":{"rendered":"https:\/\/haut-segala.com\/produit\/flacon-verre-transparent-avec-pompe-et-capot\/"},"modified":"2024-11-05T01:41:39","modified_gmt":"2024-11-05T00:41:39","slug":"flacon-verre-transparent-avec-pompe-et-capot","status":"publish","type":"product","link":"https:\/\/haut-segala.com\/es\/produit\/flacon-verre-transparent-avec-pompe-et-capot\/","title":{"rendered":"Frasco de vidrio transparente con bomba y tap\u00f3n"},"content":{"rendered":"","protected":false},"excerpt":{"rendered":"<p>Esta botella de vidrio vac\u00eda con bomba te permite hacer tus propios cosm\u00e9ticos en casa con recetas DIY (Do It Yourself).<\/p>\n<p>Es residuo cero porque es 100% reutilizable y reciclable.<\/p>\n<p>Su tama\u00f1o de viaje de 50 ml o 100 ml te acompa\u00f1ar\u00e1 a todas partes, \u00a1incluso en tu equipaje de mano!<\/p>\n<p>La pr\u00e1ctica bomba permite obtener la cantidad justa de producto.<\/p>\n","protected":false},"featured_media":135926,"comment_status":"open","ping_status":"closed","template":"","meta":{"_acf_changed":false},"product_brand":[],"product_cat":[633],"product_tag":[772],"class_list":{"0":"post-160531","1":"product","2":"type-product","3":"status-publish","4":"has-post-thumbnail","6":"product_cat-do-it-yourself-es","7":"product_tag-doityourself-es","9":"first","10":"instock","11":"taxable","12":"shipping-taxable","13":"purchasable","14":"product-type-variable","15":"has-default-attributes"},"acf":[],"_links":{"self":[{"href":"https:\/\/haut-segala.com\/es\/wp-json\/wp\/v2\/product\/160531","targetHints":{"allow":["GET"]}}],"collection":[{"href":"https:\/\/haut-segala.com\/es\/wp-json\/wp\/v2\/product"}],"about":[{"href":"https:\/\/haut-segala.com\/es\/wp-json\/wp\/v2\/types\/product"}],"replies":[{"embeddable":true,"href":"https:\/\/haut-segala.com\/es\/wp-json\/wp\/v2\/comments?post=160531"}],"wp:featuredmedia":[{"embeddable":true,"href":"https:\/\/haut-segala.com\/es\/wp-json\/wp\/v2\/media\/135926"}],"wp:attachment":[{"href":"https:\/\/haut-segala.com\/es\/wp-json\/wp\/v2\/media?parent=160531"}],"wp:term":[{"taxonomy":"product_brand","embeddable":true,"href":"https:\/\/haut-segala.com\/es\/wp-json\/wp\/v2\/product_brand?post=160531"},{"taxonomy":"product_cat","embeddable":true,"href":"https:\/\/haut-segala.com\/es\/wp-json\/wp\/v2\/product_cat?post=160531"},{"taxonomy":"product_tag","embeddable":true,"href":"https:\/\/haut-segala.com\/es\/wp-json\/wp\/v2\/product_tag?post=160531"}],"curies":[{"name":"wp","href":"https:\/\/api.w.org\/{rel}","templated":true}]}}