{"id":160537,"date":"2022-06-27T15:55:37","date_gmt":"2022-06-27T13:55:37","guid":{"rendered":"https:\/\/haut-segala.com\/produit\/flacon-pet-bleue-avec-spray-100-ml\/"},"modified":"2025-04-28T04:54:20","modified_gmt":"2025-04-28T02:54:20","slug":"flacon-pet-bleue-avec-spray-100-ml","status":"publish","type":"product","link":"https:\/\/haut-segala.com\/es\/produit\/flacon-pet-bleue-avec-spray-100-ml\/","title":{"rendered":"Botella PET azul con pulverizador 100 ml"},"content":{"rendered":"","protected":false},"excerpt":{"rendered":"<p>La botella vac\u00eda de bricolaje con pulverizador y tap\u00f3n est\u00e1 te\u00f1ida de azul para preservar el color de los productos y darles una vida \u00fatil \u00f3ptima.<\/p>\n<p>Es reutilizable y te permite elaborar tus propios cosm\u00e9ticos en casa con recetas Do It Yourself.<\/p>\n","protected":false},"featured_media":135920,"comment_status":"open","ping_status":"closed","template":"","meta":{"_acf_changed":false},"product_brand":[],"product_cat":[633],"product_tag":[],"class_list":{"0":"post-160537","1":"product","2":"type-product","3":"status-publish","4":"has-post-thumbnail","6":"product_cat-do-it-yourself-es","8":"first","9":"instock","10":"taxable","11":"shipping-taxable","12":"purchasable","13":"product-type-simple"},"acf":[],"_links":{"self":[{"href":"https:\/\/haut-segala.com\/es\/wp-json\/wp\/v2\/product\/160537","targetHints":{"allow":["GET"]}}],"collection":[{"href":"https:\/\/haut-segala.com\/es\/wp-json\/wp\/v2\/product"}],"about":[{"href":"https:\/\/haut-segala.com\/es\/wp-json\/wp\/v2\/types\/product"}],"replies":[{"embeddable":true,"href":"https:\/\/haut-segala.com\/es\/wp-json\/wp\/v2\/comments?post=160537"}],"wp:featuredmedia":[{"embeddable":true,"href":"https:\/\/haut-segala.com\/es\/wp-json\/wp\/v2\/media\/135920"}],"wp:attachment":[{"href":"https:\/\/haut-segala.com\/es\/wp-json\/wp\/v2\/media?parent=160537"}],"wp:term":[{"taxonomy":"product_brand","embeddable":true,"href":"https:\/\/haut-segala.com\/es\/wp-json\/wp\/v2\/product_brand?post=160537"},{"taxonomy":"product_cat","embeddable":true,"href":"https:\/\/haut-segala.com\/es\/wp-json\/wp\/v2\/product_cat?post=160537"},{"taxonomy":"product_tag","embeddable":true,"href":"https:\/\/haut-segala.com\/es\/wp-json\/wp\/v2\/product_tag?post=160537"}],"curies":[{"name":"wp","href":"https:\/\/api.w.org\/{rel}","templated":true}]}}