{"id":160540,"date":"2022-06-27T15:55:37","date_gmt":"2022-06-27T13:55:37","guid":{"rendered":"https:\/\/haut-segala.com\/produit\/flacon-pet-transparent-avec-capsule-service-blanche-100-ml\/"},"modified":"2024-08-20T16:49:03","modified_gmt":"2024-08-20T14:49:03","slug":"flacon-pet-transparent-avec-capsule-service-blanche-100-ml","status":"publish","type":"product","link":"https:\/\/haut-segala.com\/es\/produit\/flacon-pet-transparent-avec-capsule-service-blanche-100-ml\/","title":{"rendered":"Botella PET transparente con tap\u00f3n de servicio blanco 100 ml"},"content":{"rendered":"","protected":false},"excerpt":{"rendered":"<p>Este frasco vac\u00edo transparente es reutilizable y le permite elaborar sus propios cosm\u00e9ticos caseros con una receta Do It Yourself (DIY).<\/p>\n<p>Su formato de 100 ml es adecuado para viajes y equipaje de cabina.<\/p>\n","protected":false},"featured_media":135922,"comment_status":"open","ping_status":"closed","template":"","meta":{"_acf_changed":false},"product_brand":[],"product_cat":[633],"product_tag":[],"class_list":{"0":"post-160540","1":"product","2":"type-product","3":"status-publish","4":"has-post-thumbnail","6":"product_cat-do-it-yourself-es","8":"first","9":"instock","10":"taxable","11":"shipping-taxable","12":"purchasable","13":"product-type-simple"},"acf":[],"_links":{"self":[{"href":"https:\/\/haut-segala.com\/es\/wp-json\/wp\/v2\/product\/160540","targetHints":{"allow":["GET"]}}],"collection":[{"href":"https:\/\/haut-segala.com\/es\/wp-json\/wp\/v2\/product"}],"about":[{"href":"https:\/\/haut-segala.com\/es\/wp-json\/wp\/v2\/types\/product"}],"replies":[{"embeddable":true,"href":"https:\/\/haut-segala.com\/es\/wp-json\/wp\/v2\/comments?post=160540"}],"wp:featuredmedia":[{"embeddable":true,"href":"https:\/\/haut-segala.com\/es\/wp-json\/wp\/v2\/media\/135922"}],"wp:attachment":[{"href":"https:\/\/haut-segala.com\/es\/wp-json\/wp\/v2\/media?parent=160540"}],"wp:term":[{"taxonomy":"product_brand","embeddable":true,"href":"https:\/\/haut-segala.com\/es\/wp-json\/wp\/v2\/product_brand?post=160540"},{"taxonomy":"product_cat","embeddable":true,"href":"https:\/\/haut-segala.com\/es\/wp-json\/wp\/v2\/product_cat?post=160540"},{"taxonomy":"product_tag","embeddable":true,"href":"https:\/\/haut-segala.com\/es\/wp-json\/wp\/v2\/product_tag?post=160540"}],"curies":[{"name":"wp","href":"https:\/\/api.w.org\/{rel}","templated":true}]}}