{"id":160559,"date":"2024-03-13T00:01:12","date_gmt":"2024-03-12T23:01:12","guid":{"rendered":"https:\/\/haut-segala.com\/produit\/pate-prete-argile-verte\/"},"modified":"2024-08-21T09:37:03","modified_gmt":"2024-08-21T07:37:03","slug":"pate-prete-argile-verte","status":"publish","type":"product","link":"https:\/\/haut-segala.com\/es\/produit\/pate-prete-argile-verte\/","title":{"rendered":"Pasta lista para usar Arcilla verde natural"},"content":{"rendered":"","protected":false},"excerpt":{"rendered":"<p>Transforme su rutina de cuidado de la piel con nuestra pasta de Arcilla Verde lista para usar para el cuerpo y el rostro. Esta vers\u00e1til f\u00f3rmula combina los beneficios de la Arcilla Verde para purificar y nutrir su piel de la cabeza a los pies. F\u00e1cil de aplicar, elimina suavemente las impurezas, regula el exceso de sebo y deja la piel suave y radiante.<\/p>\n","protected":false},"featured_media":153330,"comment_status":"open","ping_status":"closed","template":"","meta":{"_acf_changed":false},"product_brand":[],"product_cat":[912,953,916,648,624,655,654,623,647],"product_tag":[],"class_list":{"0":"post-160559","1":"product","2":"type-product","3":"status-publish","4":"has-post-thumbnail","6":"product_cat-cuerpo-arcilla","7":"product_cat-arcilla-facial","8":"product_cat-argaia-es","9":"product_cat-brillos-y-poros-dilatados-en-el-rostro","10":"product_cat-cara","11":"product_cat-cara-grasa","12":"product_cat-cara-mixta","13":"product_cat-precios-rebajados","14":"product_cat-tez-apagada","16":"first","17":"instock","18":"sale","19":"taxable","20":"shipping-taxable","21":"purchasable","22":"product-type-variable","23":"has-default-attributes"},"acf":[],"_links":{"self":[{"href":"https:\/\/haut-segala.com\/es\/wp-json\/wp\/v2\/product\/160559","targetHints":{"allow":["GET"]}}],"collection":[{"href":"https:\/\/haut-segala.com\/es\/wp-json\/wp\/v2\/product"}],"about":[{"href":"https:\/\/haut-segala.com\/es\/wp-json\/wp\/v2\/types\/product"}],"replies":[{"embeddable":true,"href":"https:\/\/haut-segala.com\/es\/wp-json\/wp\/v2\/comments?post=160559"}],"wp:featuredmedia":[{"embeddable":true,"href":"https:\/\/haut-segala.com\/es\/wp-json\/wp\/v2\/media\/153330"}],"wp:attachment":[{"href":"https:\/\/haut-segala.com\/es\/wp-json\/wp\/v2\/media?parent=160559"}],"wp:term":[{"taxonomy":"product_brand","embeddable":true,"href":"https:\/\/haut-segala.com\/es\/wp-json\/wp\/v2\/product_brand?post=160559"},{"taxonomy":"product_cat","embeddable":true,"href":"https:\/\/haut-segala.com\/es\/wp-json\/wp\/v2\/product_cat?post=160559"},{"taxonomy":"product_tag","embeddable":true,"href":"https:\/\/haut-segala.com\/es\/wp-json\/wp\/v2\/product_tag?post=160559"}],"curies":[{"name":"wp","href":"https:\/\/api.w.org\/{rel}","templated":true}]}}