{"id":160564,"date":"2024-03-13T00:01:24","date_gmt":"2024-03-12T23:01:24","guid":{"rendered":"https:\/\/haut-segala.com\/produit\/baume-universel\/"},"modified":"2026-04-05T17:51:14","modified_gmt":"2026-04-05T15:51:14","slug":"baume-universel","status":"publish","type":"product","link":"https:\/\/haut-segala.com\/es\/produit\/baume-universel\/","title":{"rendered":"B\u00e1lsamo universal de arcilla verde natural"},"content":{"rendered":"","protected":false},"excerpt":{"rendered":"<p>Este b\u00e1lsamo universal es ideal para calmar las zonas sensibles del cuerpo: cuello, hombros, espalda, codos, rodillas, etc. La combinaci\u00f3n sin\u00e9rgica de todos los ingredientes 100% naturales (arcilla verde, manteca de karit\u00e9, Harpagophytum, aceite de \u00e1rnica, etc.) confiere a este b\u00e1lsamo su originalidad y eficacia.<\/p>\n","protected":false},"featured_media":166144,"comment_status":"open","ping_status":"closed","template":"","meta":{"_acf_changed":false},"product_brand":[],"product_cat":[912,916,625,623,647],"product_tag":[],"class_list":{"0":"post-160564","1":"product","2":"type-product","3":"status-publish","4":"has-post-thumbnail","6":"product_cat-cuerpo-arcilla","7":"product_cat-argaia-es","8":"product_cat-cuerpo","9":"product_cat-precios-rebajados","10":"product_cat-tez-apagada","12":"first","13":"instock","14":"sale","15":"taxable","16":"shipping-taxable","17":"purchasable","18":"product-type-simple"},"acf":[],"_links":{"self":[{"href":"https:\/\/haut-segala.com\/es\/wp-json\/wp\/v2\/product\/160564","targetHints":{"allow":["GET"]}}],"collection":[{"href":"https:\/\/haut-segala.com\/es\/wp-json\/wp\/v2\/product"}],"about":[{"href":"https:\/\/haut-segala.com\/es\/wp-json\/wp\/v2\/types\/product"}],"replies":[{"embeddable":true,"href":"https:\/\/haut-segala.com\/es\/wp-json\/wp\/v2\/comments?post=160564"}],"wp:featuredmedia":[{"embeddable":true,"href":"https:\/\/haut-segala.com\/es\/wp-json\/wp\/v2\/media\/166144"}],"wp:attachment":[{"href":"https:\/\/haut-segala.com\/es\/wp-json\/wp\/v2\/media?parent=160564"}],"wp:term":[{"taxonomy":"product_brand","embeddable":true,"href":"https:\/\/haut-segala.com\/es\/wp-json\/wp\/v2\/product_brand?post=160564"},{"taxonomy":"product_cat","embeddable":true,"href":"https:\/\/haut-segala.com\/es\/wp-json\/wp\/v2\/product_cat?post=160564"},{"taxonomy":"product_tag","embeddable":true,"href":"https:\/\/haut-segala.com\/es\/wp-json\/wp\/v2\/product_tag?post=160564"}],"curies":[{"name":"wp","href":"https:\/\/api.w.org\/{rel}","templated":true}]}}