{"id":160568,"date":"2024-03-13T00:01:30","date_gmt":"2024-03-12T23:01:30","guid":{"rendered":"https:\/\/haut-segala.com\/produit\/gommage-argile-blanche\/"},"modified":"2025-07-23T00:01:09","modified_gmt":"2025-07-22T22:01:09","slug":"gommage-argile-blanche","status":"publish","type":"product","link":"https:\/\/haut-segala.com\/es\/produit\/gommage-argile-blanche\/","title":{"rendered":"Exfoliante facial y corporal de arcilla blanca natural"},"content":{"rendered":"","protected":false},"excerpt":{"rendered":"<p>Revele el esplendor natural de su piel con nuestro exfoliante facial y corporal elaborado con una sinergia perfecta de ingredientes: Arcilla Blanca por sus propiedades purificantes, Aloe Vera por sus beneficios calmantes y microgranos de Bamb\u00fa para una exfoliaci\u00f3n suave. Limpia de impurezas, su piel queda nutrida, m\u00e1s suave y radiante.<\/p>\n","protected":false},"featured_media":153297,"comment_status":"open","ping_status":"closed","template":"","meta":{"_acf_changed":false},"product_brand":[],"product_cat":[953,916,648,624,655,654,625,954,913,683,647],"product_tag":[],"class_list":{"0":"post-160568","1":"product","2":"type-product","3":"status-publish","4":"has-post-thumbnail","6":"product_cat-arcilla-facial","7":"product_cat-argaia-es","8":"product_cat-brillos-y-poros-dilatados-en-el-rostro","9":"product_cat-cara","10":"product_cat-cara-grasa","11":"product_cat-cara-mixta","12":"product_cat-cuerpo","13":"product_cat-exfoliante-facial","14":"product_cat-exfoliante-corporal","15":"product_cat-peau-terne-corps-es","16":"product_cat-tez-apagada","18":"first","19":"instock","20":"taxable","21":"shipping-taxable","22":"purchasable","23":"product-type-simple"},"acf":[],"_links":{"self":[{"href":"https:\/\/haut-segala.com\/es\/wp-json\/wp\/v2\/product\/160568","targetHints":{"allow":["GET"]}}],"collection":[{"href":"https:\/\/haut-segala.com\/es\/wp-json\/wp\/v2\/product"}],"about":[{"href":"https:\/\/haut-segala.com\/es\/wp-json\/wp\/v2\/types\/product"}],"replies":[{"embeddable":true,"href":"https:\/\/haut-segala.com\/es\/wp-json\/wp\/v2\/comments?post=160568"}],"wp:featuredmedia":[{"embeddable":true,"href":"https:\/\/haut-segala.com\/es\/wp-json\/wp\/v2\/media\/153297"}],"wp:attachment":[{"href":"https:\/\/haut-segala.com\/es\/wp-json\/wp\/v2\/media?parent=160568"}],"wp:term":[{"taxonomy":"product_brand","embeddable":true,"href":"https:\/\/haut-segala.com\/es\/wp-json\/wp\/v2\/product_brand?post=160568"},{"taxonomy":"product_cat","embeddable":true,"href":"https:\/\/haut-segala.com\/es\/wp-json\/wp\/v2\/product_cat?post=160568"},{"taxonomy":"product_tag","embeddable":true,"href":"https:\/\/haut-segala.com\/es\/wp-json\/wp\/v2\/product_tag?post=160568"}],"curies":[{"name":"wp","href":"https:\/\/api.w.org\/{rel}","templated":true}]}}