{"id":160611,"date":"2024-03-12T00:01:27","date_gmt":"2024-03-11T23:01:27","guid":{"rendered":"https:\/\/haut-segala.com\/produit\/masque-visage-argile-blanche\/"},"modified":"2024-11-14T05:06:10","modified_gmt":"2024-11-14T04:06:10","slug":"masque-visage-argile-blanche","status":"publish","type":"product","link":"https:\/\/haut-segala.com\/es\/produit\/masque-visage-argile-blanche\/","title":{"rendered":"Mascarilla facial de arcilla blanca natural"},"content":{"rendered":"","protected":false},"excerpt":{"rendered":"<p>Sum\u00e9rjase en la elegancia de nuestra mascarilla de Arcilla Blanca, una suave experiencia para el cuidado de la piel. Formulada para aportar luminosidad, hidrataci\u00f3n y pureza a su piel, esta mascarilla ofrece una delicada desintoxicaci\u00f3n. La Arcilla Blanca, rica en s\u00edlice y sales minerales, ilumina su cutis al tiempo que reduce las impurezas.<\/p>\n","protected":false},"featured_media":153372,"comment_status":"open","ping_status":"closed","template":"","meta":{"_acf_changed":false},"product_brand":[],"product_cat":[953,916,648,624,655,654,955,918,647],"product_tag":[],"class_list":{"0":"post-160611","1":"product","2":"type-product","3":"status-publish","4":"has-post-thumbnail","6":"product_cat-arcilla-facial","7":"product_cat-argaia-es","8":"product_cat-brillos-y-poros-dilatados-en-el-rostro","9":"product_cat-cara","10":"product_cat-cara-grasa","11":"product_cat-cara-mixta","12":"product_cat-mascara","13":"product_cat-mascara-facial","14":"product_cat-tez-apagada","16":"first","17":"instock","18":"taxable","19":"shipping-taxable","20":"purchasable","21":"product-type-simple"},"acf":[],"_links":{"self":[{"href":"https:\/\/haut-segala.com\/es\/wp-json\/wp\/v2\/product\/160611","targetHints":{"allow":["GET"]}}],"collection":[{"href":"https:\/\/haut-segala.com\/es\/wp-json\/wp\/v2\/product"}],"about":[{"href":"https:\/\/haut-segala.com\/es\/wp-json\/wp\/v2\/types\/product"}],"replies":[{"embeddable":true,"href":"https:\/\/haut-segala.com\/es\/wp-json\/wp\/v2\/comments?post=160611"}],"wp:featuredmedia":[{"embeddable":true,"href":"https:\/\/haut-segala.com\/es\/wp-json\/wp\/v2\/media\/153372"}],"wp:attachment":[{"href":"https:\/\/haut-segala.com\/es\/wp-json\/wp\/v2\/media?parent=160611"}],"wp:term":[{"taxonomy":"product_brand","embeddable":true,"href":"https:\/\/haut-segala.com\/es\/wp-json\/wp\/v2\/product_brand?post=160611"},{"taxonomy":"product_cat","embeddable":true,"href":"https:\/\/haut-segala.com\/es\/wp-json\/wp\/v2\/product_cat?post=160611"},{"taxonomy":"product_tag","embeddable":true,"href":"https:\/\/haut-segala.com\/es\/wp-json\/wp\/v2\/product_tag?post=160611"}],"curies":[{"name":"wp","href":"https:\/\/api.w.org\/{rel}","templated":true}]}}