{"id":161260,"date":"2024-09-09T00:01:18","date_gmt":"2024-09-08T22:01:18","guid":{"rendered":"https:\/\/haut-segala.com\/?post_type=product&#038;p=161260"},"modified":"2026-04-08T07:26:46","modified_gmt":"2026-04-08T05:26:46","slug":"huile-de-pepins-figue-de-barbarie-certifiee-bio","status":"publish","type":"product","link":"https:\/\/haut-segala.com\/es\/produit\/huile-de-pepins-figue-de-barbarie-certifiee-bio\/","title":{"rendered":"Aceite de semillas de higo chumbo &#8211; certificado ecol\u00f3gico"},"content":{"rendered":"","protected":false},"excerpt":{"rendered":"<p>Adopte las \u00faltimas tendencias en belleza minimalista con este aceite excepcional, cuya composici\u00f3n \u00fanica ofrece notables beneficios para atenuar las arrugas, reducir las manchas de pigmentaci\u00f3n e iluminar la tez.<\/p>\n","protected":false},"featured_media":161377,"comment_status":"open","ping_status":"closed","template":"","meta":{"_acf_changed":false},"product_brand":[],"product_cat":[914,620,638,673,624,653,625,646,656,658,682,651,652,660,683,649,657,647],"product_tag":[],"class_list":{"0":"post-161260","1":"product","2":"type-product","3":"status-publish","4":"has-post-thumbnail","6":"product_cat-aceite-vegetal-cuerpo","7":"product_cat-aceites-vegetales","8":"product_cat-aceites-vegetales-faciales","9":"product_cat-alimenta-mi-pelo-seco","10":"product_cat-cara","11":"product_cat-cara-seca","12":"product_cat-cuerpo","13":"product_cat-deshidratacion-facial","14":"product_cat-deshidratacion-cuerpo","15":"product_cat-estrias-cuerpo","16":"product_cat-manque-de-fermete-corps-es","17":"product_cat-falta-de-firmeza-en-la-cara","18":"product_cat-manchas-de-pigmentacion-cicatrices-de-acne-cara","19":"product_cat-manchas-de-pigmentacion-marcas-de-embarazo-cuerpo","20":"product_cat-peau-terne-corps-es","21":"product_cat-primeras-arrugas-y-arrugas-establecidas-cara","22":"product_cat-sequia-cuerpo","23":"product_cat-tez-apagada","25":"first","26":"instock","27":"taxable","28":"shipping-taxable","29":"purchasable","30":"product-type-simple"},"acf":[],"_links":{"self":[{"href":"https:\/\/haut-segala.com\/es\/wp-json\/wp\/v2\/product\/161260","targetHints":{"allow":["GET"]}}],"collection":[{"href":"https:\/\/haut-segala.com\/es\/wp-json\/wp\/v2\/product"}],"about":[{"href":"https:\/\/haut-segala.com\/es\/wp-json\/wp\/v2\/types\/product"}],"replies":[{"embeddable":true,"href":"https:\/\/haut-segala.com\/es\/wp-json\/wp\/v2\/comments?post=161260"}],"wp:featuredmedia":[{"embeddable":true,"href":"https:\/\/haut-segala.com\/es\/wp-json\/wp\/v2\/media\/161377"}],"wp:attachment":[{"href":"https:\/\/haut-segala.com\/es\/wp-json\/wp\/v2\/media?parent=161260"}],"wp:term":[{"taxonomy":"product_brand","embeddable":true,"href":"https:\/\/haut-segala.com\/es\/wp-json\/wp\/v2\/product_brand?post=161260"},{"taxonomy":"product_cat","embeddable":true,"href":"https:\/\/haut-segala.com\/es\/wp-json\/wp\/v2\/product_cat?post=161260"},{"taxonomy":"product_tag","embeddable":true,"href":"https:\/\/haut-segala.com\/es\/wp-json\/wp\/v2\/product_tag?post=161260"}],"curies":[{"name":"wp","href":"https:\/\/api.w.org\/{rel}","templated":true}]}}